{"id":169,"date":"2023-04-03T19:29:13","date_gmt":"2023-04-03T19:29:13","guid":{"rendered":"https:\/\/conscasablanca.esteri.it\/servizi-consolari-e-visti\/servizi-per-il-cittadino-italiano\/assistenza-ai-cittadini-allestero\/"},"modified":"2025-11-10T16:18:26","modified_gmt":"2025-11-10T15:18:26","slug":"assistenza-ai-cittadini-allestero","status":"publish","type":"page","link":"https:\/\/conscasablanca.esteri.it\/fr\/servizi-consolari-e-visti\/servizi-per-il-cittadino-italiano\/assistenza-ai-cittadini-allestero\/","title":{"rendered":"Assistance aux citoyens \u00e0 l&rsquo;\u00e9tranger"},"content":{"rendered":"<h1><strong>Assistance consulaire<\/strong><\/h1>\n<p>Le service d&rsquo;assistance sociale est destin\u00e9 aux citoyens italiens en situation de pr\u00e9carit\u00e9. Les citoyens italiens peuvent recevoir du Consulat une aide financi\u00e8re ou d&rsquo;une autre nature pour surmonter une difficult\u00e9 temporaire.<\/p>\n<p>Lien d&rsquo;informations g\u00e9n\u00e9rales : <a href=\"https:\/\/www.esteri.it\/it\/servizi-consolari-e-visti\/normativa_consolare\/serviziconsolari\/assistenzacittadiniestero\/\">MAECI \u2013 Assistance aux citoyens \u00e0 l&rsquo;\u00e9tranger<\/a><\/p>\n<p>Liste des professionnels de r\u00e9f\u00e9rence :<\/p>\n<table class=\"table table-bordered table-sm export-table\" width=\"812\">\n<tbody>\n<tr class=\"thead-light\">\n<td width=\"115\">\u00a0Maitre Lah\u00e7en FARAHY<\/td>\n<td width=\"94\">0522.67.45.42\u00a0 0661.42.78.39<\/td>\n<td width=\"299\">Bd Med Jamal Eddora- Res. Al Hamid Bur 3 \u2013 Belvedere<\/td>\n<td width=\"230\"><a href=\"mailto:maitrefarahy@gmail.com\">maitrefarahy@gmail.com<\/a><\/td>\n<\/tr>\n<tr>\n<td width=\"115\">Maitre Meriem JAMALI IDRISSI<\/td>\n<td width=\"94\">0520.04.05.61 0664.91.11.11<\/td>\n<td width=\"299\">22, rue des provins \u2013 Bd de la Resistance Bur 10- Belvedere<\/td>\n<td width=\"230\"><a href=\"mailto:cabinetavocatidrissi@gmail.com\">cabinetavocatidrissi@gmail.com<\/a><\/td>\n<\/tr>\n<\/tbody>\n<\/table>\n","protected":false},"excerpt":{"rendered":"Assistance consulaire Le service d&rsquo;assistance sociale est destin\u00e9 aux citoyens italiens en situation de pr\u00e9carit\u00e9. Les citoyens italiens peuvent recevoir du Consulat une aide financi\u00e8re ou d&rsquo;une autre nature pour surmonter une difficult\u00e9 temporaire. Lien d&rsquo;informations g\u00e9n\u00e9rales : MAECI \u2013 Assistance aux citoyens \u00e0 l&rsquo;\u00e9tranger Liste des professionnels de r\u00e9f\u00e9rence : \u00a0Maitre Lah\u00e7en FARAHY 0522.67.45.42\u00a0 [&hellip;]","protected":false},"author":1,"featured_media":0,"parent":162,"menu_order":8,"comment_status":"closed","ping_status":"closed","template":"","meta":{"footnotes":""},"class_list":["post-169","page","type-page","status-publish","hentry"],"_links":{"self":[{"href":"https:\/\/conscasablanca.esteri.it\/fr\/wp-json\/wp\/v2\/pages\/169","targetHints":{"allow":["GET"]}}],"collection":[{"href":"https:\/\/conscasablanca.esteri.it\/fr\/wp-json\/wp\/v2\/pages"}],"about":[{"href":"https:\/\/conscasablanca.esteri.it\/fr\/wp-json\/wp\/v2\/types\/page"}],"author":[{"embeddable":true,"href":"https:\/\/conscasablanca.esteri.it\/fr\/wp-json\/wp\/v2\/users\/1"}],"replies":[{"embeddable":true,"href":"https:\/\/conscasablanca.esteri.it\/fr\/wp-json\/wp\/v2\/comments?post=169"}],"version-history":[{"count":5,"href":"https:\/\/conscasablanca.esteri.it\/fr\/wp-json\/wp\/v2\/pages\/169\/revisions"}],"predecessor-version":[{"id":2804,"href":"https:\/\/conscasablanca.esteri.it\/fr\/wp-json\/wp\/v2\/pages\/169\/revisions\/2804"}],"up":[{"embeddable":true,"href":"https:\/\/conscasablanca.esteri.it\/fr\/wp-json\/wp\/v2\/pages\/162"}],"wp:attachment":[{"href":"https:\/\/conscasablanca.esteri.it\/fr\/wp-json\/wp\/v2\/media?parent=169"}],"curies":[{"name":"wp","href":"https:\/\/api.w.org\/{rel}","templated":true}]}}