{"id":1685,"date":"2023-11-21T12:50:19","date_gmt":"2023-11-21T11:50:19","guid":{"rendered":"https:\/\/conscasablanca.esteri.it\/chi-siamo\/contatti\/in-linea-con-lutente\/modulistica\/"},"modified":"2024-10-16T11:40:08","modified_gmt":"2024-10-16T10:40:08","slug":"modulistica","status":"publish","type":"page","link":"https:\/\/conscasablanca.esteri.it\/fr\/chi-siamo\/contatti\/in-linea-con-lutente\/modulistica\/","title":{"rendered":"Formulaires"},"content":{"rendered":"<p>Vous trouverez ci-dessous des formulaires et des listes de documents pour la demande de certains types d&rsquo;actes au Consulat G\u00e9n\u00e9ral.<\/p>\n<p><strong>Visas :<\/strong><\/p>\n<ul>\n<li><a href=\"https:\/\/conscasablanca.esteri.it\/wp-content\/uploads\/2023\/11\/formulario-schengen.pdf\">Formulaire S\u00e9jour Court C<\/a><\/li>\n<li><a href=\"https:\/\/conscasablanca.esteri.it\/wp-content\/uploads\/2023\/11\/formulario-nazionale.pdf\">Formulaire S\u00e9jour Long D<\/a><\/li>\n<li><a href=\"https:\/\/conscasablanca.esteri.it\/wp-content\/uploads\/2023\/11\/garanzia-alloggio.pdf\">Lettre d&rsquo;Invitation Tourisme<\/a><\/li>\n<li><a href=\"https:\/\/conscasablanca.esteri.it\/wp-content\/uploads\/2023\/11\/invito-affari.pdf\">Lettre d&rsquo;Invitation Affaires<\/a><\/li>\n<li><a href=\"https:\/\/conscasablanca.esteri.it\/wp-content\/uploads\/2023\/11\/invito-famigliare.pdf\">Lettre d&rsquo;Invitation TU-UE<\/a><\/li>\n<\/ul>\n<p>ou consultez le site internet : <a href=\"https:\/\/www.esteri.it\/it\/servizi-consolari-e-visti\/normativa_consolare\/visti\/\">Visas \u2013 Minist\u00e8re des Affaires \u00c9trang\u00e8res et de la Coop\u00e9ration Internationale<\/a> ou <a href=\"https:\/\/visa.vfsglobal.com\/mar\/fr\/ita\">https:\/\/visa.vfsglobal.com\/mar\/fr\/ita<\/a><\/p>\n<p><strong>Services consulaires :<\/strong><\/p>\n<ul>\n<li><a href=\"https:\/\/conscasablanca.esteri.it\/wp-content\/uploads\/2023\/11\/modulo_richiesta_del_cfitaliano.pdf\">Demande de Code Fiscal<\/a><\/li>\n<li><a href=\"https:\/\/conscasablanca.esteri.it\/wp-content\/uploads\/2023\/11\/delega-notarile.pdf\">Formulaire de D\u00e9l\u00e9gation Notariale<\/a><\/li>\n<li><a href=\"https:\/\/flaviop27.sg-host.com\/resource\/2010\/04\/28115_f_cons57documentazionedistudio1.doc\">Formulaire de Documentation d&rsquo;\u00c9tude<\/a><\/li>\n<li>Formulaires INPS : <a href=\"https:\/\/conscasablanca.esteri.it\/wp-content\/uploads\/2023\/11\/Messaggio_numero_16295_del_11-10-2013_Allegato_n_4.pdf\">CITI_Formulaire_alternatif<\/a><\/li>\n<\/ul>\n<p><strong>Service d&rsquo;\u00c9tat Civil :<\/strong><\/p>\n<ul>\n<li><a href=\"https:\/\/conscasablanca.esteri.it\/wp-content\/uploads\/2023\/11\/Nuovo-modello-richiesta-trascrizione-matrimonio.pdf\">Formulaire de Demande de Transcription des Actes d&rsquo;\u00c9tat Civil Mariage<\/a><\/li>\n<li><a href=\"https:\/\/conscasablanca.esteri.it\/wp-content\/uploads\/2023\/11\/Nuovo-modello-richiesta-trascrizione-nascita.pdf\">Formulaire de Demande de Transcription des Actes d&rsquo;\u00c9tat Civil Naissance<\/a><\/li>\n<li><a href=\"https:\/\/conscasablanca.esteri.it\/wp-content\/uploads\/2023\/11\/Nuovo-modello-richiesta-trascrizione-decesso.pdf\">Formulaire de Demande de Transcription des Actes d&rsquo;\u00c9tat Civil D\u00e9c\u00e8s<\/a><\/li>\n<li><a href=\"https:\/\/conscasablanca.esteri.it\/wp-content\/uploads\/2023\/11\/Trascrizione-sentenza-di-divorzio.pdf\">Formulaire de Demande de Transcription de Sentences de Divorce<\/a><\/li>\n<li><a href=\"https:\/\/conscasablanca.esteri.it\/wp-content\/uploads\/2023\/11\/MODULO-RICHIESTA-TRASCRIZIONE-OMOLOGAZIONE-MATRIMONIO.doc\">Formulaire de Demande de Transcription d&rsquo;Acte\/Sentence de Reconnaissance de Mariage<\/a><\/li>\n<\/ul>\n<p><strong>Capacit\u00e9 de mariage :<\/strong><\/p>\n<ul>\n<li><a href=\"http:\/\/conscasablanca.esteri.it\/consolato_casablanca\/resource\/doc\/2018\/05\/documenti_da_presentare_per_contrarre_matrimonio_in_marocco.pdf\">Documents \u00e0 pr\u00e9senter pour contracter mariage au Maroc<\/a><\/li>\n<li><a href=\"https:\/\/conscasablanca.esteri.it\/wp-content\/uploads\/2023\/11\/DICHIARAZIONE-SOSTITUTIVA-DI-CERTIFICAZIONI.doc\">D\u00e9claration sur l\u2019honneur<\/a> (Dichiarazione sostitutiva di certificazione)<\/li>\n<\/ul>\n<p><strong>Passeports :<\/strong><\/p>\n<ul>\n<li><a href=\"https:\/\/conscasablanca.esteri.it\/wp-content\/uploads\/2023\/11\/domandadirilasciopassaporto.pdf\">Demande de passeport<\/a><\/li>\n<li><a href=\"https:\/\/conscasablanca.esteri.it\/wp-content\/uploads\/2023\/11\/domandadirilasciopassaportominore.pdf\">Demande de passeport pour mineur<\/a><\/li>\n<li><a href=\"https:\/\/conscasablanca.esteri.it\/wp-content\/uploads\/2023\/11\/dichiarazione-accompagnamento.pdf\">D\u00e9claration d&rsquo;accompagnement<\/a><\/li>\n<\/ul>\n<p><strong>Service de Nationalit\u00e9 :<\/strong><\/p>\n<p><a href=\"https:\/\/flaviop27.sg-host.com\/resource\/2012\/05\/47928_f_cons57CITTADINANZA_ITALIANANORMATIVA.doc\">NATIONALIT\u00c9 ITALIENNE \u2013 R\u00c9GLEMENTATION<\/a><\/p>\n<p><a href=\"https:\/\/flaviop27.sg-host.com\/resource\/2014\/05\/63987_f_cons57ISTANZACITTADINANZAModello_A_cittadinanza.doc\">DEMANDE DE NATIONALIT\u00c9 \u2013 Mod\u00e8le_A_Nationalit\u00e9<\/a><\/p>\n<p><a href=\"http:\/\/conscasablanca.esteri.it\/consolato_casablanca\/resource\/doc\/2018\/06\/istruzioni_cittadinanza_coniuge.pdf\">DEMANDE DE NATIONALIT\u00c9 \u2013 art.5 \u2013 documents n\u00e9cessaires<\/a><\/p>\n<p><strong>D\u00e9clarations de valeur :<\/strong><\/p>\n<p>Les \u00e9trangers et les Italiens r\u00e9sidant \u00e0 l&rsquo;\u00e9tranger peuvent acc\u00e9der aux universit\u00e9s italiennes en pr\u00e9sentant au Consulat une demande qui doit \u00eatre accompagn\u00e9e de la documentation requise. Cette documentation doit \u00eatre approuv\u00e9e par les autorit\u00e9s italiennes comp\u00e9tentes, en fonction de l&rsquo;\u00e9valuation des dipl\u00f4mes obtenus \u00e0 l&rsquo;\u00e9tranger.<\/p>\n<p>Le Bureau des \u00e9tudiants du Consulat doit \u00e9galement s&rsquo;assurer et certifier que les dipl\u00f4mes de l&rsquo;enseignement secondaire permettent l&rsquo;admission aux cours universitaires selon la r\u00e9glementation du pays o\u00f9 ils ont \u00e9t\u00e9 obtenus (\u201cD\u00e9claration de valeur\u201d).<\/p>\n<ul>\n<li><a href=\"https:\/\/conscasablanca.esteri.it\/wp-content\/uploads\/2023\/11\/DICHIARAZIONE-VALORE.pdf\">Formulaire de demande de d\u00e9claration de valeur<\/a><\/li>\n<\/ul>\n<p>Les demandes de d\u00e9clarations de valeur peuvent \u00eatre soumises sur rendez-vous, pris via le portail <a href=\"https:\/\/prenotami.esteri.it\/\">Prenotami<\/a>.<\/p>\n","protected":false},"excerpt":{"rendered":"Vous trouverez ci-dessous des formulaires et des listes de documents pour la demande de certains types d&rsquo;actes au Consulat G\u00e9n\u00e9ral. Visas : Formulaire S\u00e9jour Court C Formulaire S\u00e9jour Long D Lettre d&rsquo;Invitation Tourisme Lettre d&rsquo;Invitation Affaires Lettre d&rsquo;Invitation TU-UE ou consultez le site internet : Visas \u2013 Minist\u00e8re des Affaires \u00c9trang\u00e8res et de la Coop\u00e9ration [&hellip;]","protected":false},"author":3,"featured_media":0,"parent":1683,"menu_order":0,"comment_status":"closed","ping_status":"closed","template":"","meta":{"footnotes":""},"class_list":["post-1685","page","type-page","status-publish","hentry"],"_links":{"self":[{"href":"https:\/\/conscasablanca.esteri.it\/fr\/wp-json\/wp\/v2\/pages\/1685","targetHints":{"allow":["GET"]}}],"collection":[{"href":"https:\/\/conscasablanca.esteri.it\/fr\/wp-json\/wp\/v2\/pages"}],"about":[{"href":"https:\/\/conscasablanca.esteri.it\/fr\/wp-json\/wp\/v2\/types\/page"}],"author":[{"embeddable":true,"href":"https:\/\/conscasablanca.esteri.it\/fr\/wp-json\/wp\/v2\/users\/3"}],"replies":[{"embeddable":true,"href":"https:\/\/conscasablanca.esteri.it\/fr\/wp-json\/wp\/v2\/comments?post=1685"}],"version-history":[{"count":4,"href":"https:\/\/conscasablanca.esteri.it\/fr\/wp-json\/wp\/v2\/pages\/1685\/revisions"}],"predecessor-version":[{"id":2069,"href":"https:\/\/conscasablanca.esteri.it\/fr\/wp-json\/wp\/v2\/pages\/1685\/revisions\/2069"}],"up":[{"embeddable":true,"href":"https:\/\/conscasablanca.esteri.it\/fr\/wp-json\/wp\/v2\/pages\/1683"}],"wp:attachment":[{"href":"https:\/\/conscasablanca.esteri.it\/fr\/wp-json\/wp\/v2\/media?parent=1685"}],"curies":[{"name":"wp","href":"https:\/\/api.w.org\/{rel}","templated":true}]}}