{"id":1683,"date":"2023-11-21T12:43:01","date_gmt":"2023-11-21T11:43:01","guid":{"rendered":"https:\/\/conscasablanca.esteri.it\/chi-siamo\/contatti\/in-linea-con-lutente\/"},"modified":"2024-10-10T11:56:35","modified_gmt":"2024-10-10T10:56:35","slug":"in-linea-con-lutente","status":"publish","type":"page","link":"https:\/\/conscasablanca.esteri.it\/fr\/chi-siamo\/contatti\/in-linea-con-lutente\/","title":{"rendered":"En ligne avec l&rsquo;utilisateur"},"content":{"rendered":"<p>S\u00e9lectionnez l&rsquo;information dont vous avez besoin dans le menu d\u00e9roulant situ\u00e9 \u00e0 droite.<\/p>\n","protected":false},"excerpt":{"rendered":"S\u00e9lectionnez l&rsquo;information dont vous avez besoin dans le menu d\u00e9roulant situ\u00e9 \u00e0 droite.","protected":false},"author":3,"featured_media":0,"parent":149,"menu_order":0,"comment_status":"closed","ping_status":"closed","template":"","meta":{"footnotes":""},"class_list":["post-1683","page","type-page","status-publish","hentry"],"_links":{"self":[{"href":"https:\/\/conscasablanca.esteri.it\/fr\/wp-json\/wp\/v2\/pages\/1683","targetHints":{"allow":["GET"]}}],"collection":[{"href":"https:\/\/conscasablanca.esteri.it\/fr\/wp-json\/wp\/v2\/pages"}],"about":[{"href":"https:\/\/conscasablanca.esteri.it\/fr\/wp-json\/wp\/v2\/types\/page"}],"author":[{"embeddable":true,"href":"https:\/\/conscasablanca.esteri.it\/fr\/wp-json\/wp\/v2\/users\/3"}],"replies":[{"embeddable":true,"href":"https:\/\/conscasablanca.esteri.it\/fr\/wp-json\/wp\/v2\/comments?post=1683"}],"version-history":[{"count":1,"href":"https:\/\/conscasablanca.esteri.it\/fr\/wp-json\/wp\/v2\/pages\/1683\/revisions"}],"predecessor-version":[{"id":1684,"href":"https:\/\/conscasablanca.esteri.it\/fr\/wp-json\/wp\/v2\/pages\/1683\/revisions\/1684"}],"up":[{"embeddable":true,"href":"https:\/\/conscasablanca.esteri.it\/fr\/wp-json\/wp\/v2\/pages\/149"}],"wp:attachment":[{"href":"https:\/\/conscasablanca.esteri.it\/fr\/wp-json\/wp\/v2\/media?parent=1683"}],"curies":[{"name":"wp","href":"https:\/\/api.w.org\/{rel}","templated":true}]}}