{"id":166,"date":"2023-04-03T19:28:33","date_gmt":"2023-04-03T19:28:33","guid":{"rendered":"https:\/\/conscasablanca.esteri.it\/servizi-consolari-e-visti\/servizi-per-il-cittadino-italiano\/emergency-travel-documents-etd\/"},"modified":"2024-10-15T11:17:01","modified_gmt":"2024-10-15T10:17:01","slug":"emergency-travel-documents-etd","status":"publish","type":"page","link":"https:\/\/conscasablanca.esteri.it\/fr\/servizi-consolari-e-visti\/servizi-per-il-cittadino-italiano\/emergency-travel-documents-etd\/","title":{"rendered":"Documents de voyage d&rsquo;urgence (ETD)"},"content":{"rendered":"<p style=\"text-align: center;\"><strong>AVIS IMPORTANT<\/strong><\/p>\n<p>Nous informons les usagers que le <strong>document de voyage d&rsquo;urgence (Emergency Travel Document &#8211; E.T.D.<\/strong>) sera d\u00e9livr\u00e9 <strong><u>exclusivement<\/u><\/strong> dans les circonstances suivantes :<\/p>\n<ol>\n<li><strong>Perte du passeport ;<\/strong><\/li>\n<li><strong>Vol du passeport ;<\/strong><\/li>\n<li><strong>Passeport endommag\u00e9 ou d\u00e9t\u00e9rior\u00e9.<\/strong><\/li>\n<\/ol>\n<p>En cas de vol ou de perte, il est <strong><u>obligatoire<\/u><\/strong> de pr\u00e9senter une d\u00e9claration officielle d\u00e9pos\u00e9e aupr\u00e8s des autorit\u00e9s locales comp\u00e9tentes.<\/p>\n<p>En cas de passeport endommag\u00e9, il faudra se pr\u00e9senter au Consulat avec le document endommag\u00e9 pour les v\u00e9rifications n\u00e9cessaires.<\/p>\n<p><strong>AVERTISSEMENT<\/strong> :<\/p>\n<ul>\n<li>L\u2019E.T.D. <strong><u>NE<\/u><\/strong> sera <strong><u>PAS<\/u><\/strong> d\u00e9livr\u00e9 <strong><u>en cas de passeport expir\u00e9<\/u><\/strong>.<\/li>\n<li>Il est de la seule responsabilit\u00e9 du voyageur de v\u00e9rifier la validit\u00e9 de son document de voyage <strong><u>avant<\/u><\/strong> tout d\u00e9placement.<\/li>\n<li>Aucune exception ne sera faite pour ceux qui se pr\u00e9senteront avec un passeport expir\u00e9, quelles que soient les circonstances.<\/li>\n<\/ul>\n<p>Il est rappel\u00e9 que voyager avec un document valide est une obligation l\u00e9gale.<\/p>\n<p>Le fait de ne pas v\u00e9rifier la date d\u2019expiration de son passeport ne constitue pas un motif valable pour la d\u00e9livrance d\u2019un E.T.D.<\/p>\n<p style=\"text-align: center;\"><strong>ATTENTION :<\/strong><\/p>\n<p><u>Se pr\u00e9senter \u00e0 l\u2019\u00e9tranger avec un passeport expir\u00e9 peut entra\u00eener de graves cons\u00e9quences, y compris l&rsquo;impossibilit\u00e9 de poursuivre son voyage ou de retourner dans le pays de r\u00e9sidence.<\/u><\/p>\n<p><u>Nous invitons donc les usagers \u00e0 v\u00e9rifier \u00e0 l&rsquo;avance la validit\u00e9 de leurs documents de voyage et \u00e0 les renouveler en temps voulu, si n\u00e9cessaire.<\/u><\/p>\n<p>&nbsp;<\/p>\n<p>Dans les cas d\u00e9crits ci-dessus, le Consulat G\u00e9n\u00e9ral peut d\u00e9livrer aux touristes italiens pr\u00e9sents dans cette circonscription consulaire un document provisoire appel\u00e9 E.T.D. (Emergency Travel Document), <u>valable pour un maximum de 5 jours<\/u> \u00e0 compter de la date de d\u00e9livrance, <u>uniquement pour le retour imm\u00e9diat et direct<\/u> en Italie ou dans le pays de r\u00e9sidence habituelle, sous r\u00e9serve de l&rsquo;inscription \u00e0 l&rsquo;AIRE de ce pays.<\/p>\n<p><strong>\u00c0 QUI S&rsquo;ADRESSER<\/strong> <strong>: <\/strong>Pour obtenir un document de voyage, il est n\u00e9cessaire de se pr\u00e9senter au Consulat <strong><u>sans rendez-vous<\/u><\/strong>, au moins 2 jours avant le d\u00e9part, du lundi au jeudi de 9h \u00e0 13h.<br \/>\nEn dehors de ces horaires, il ne sera PAS possible de d\u00e9livrer des E.T.D., sauf en cas d&rsquo;urgence particuli\u00e8re et d\u00fbment justifi\u00e9e.<\/p>\n<p>&nbsp;<\/p>\n<p><strong>E.T.D. POUR LES MAJEURS<\/strong><\/p>\n<p><u>Documents \u00e0 pr\u00e9senter<\/u> :<\/p>\n<ul>\n<li>D\u00e9claration de vol ou de perte du passeport effectu\u00e9e aupr\u00e8s des autorit\u00e9s locales ;<\/li>\n<li>2 photos d&rsquo;identit\u00e9 en couleur, format passeport, sur fond blanc ;<\/li>\n<li>Si disponible, un autre document d&rsquo;identification italien (par exemple : permis de conduire) ou une photocopie du passeport vol\u00e9\/perdu. \u00c0 d\u00e9faut, la pr\u00e9sence d\u2019un t\u00e9moin muni d\u2019une pi\u00e8ce d\u2019identit\u00e9 capable d\u2019identifier le demandeur (dans ce cas, une troisi\u00e8me photo est requise). En l&rsquo;absence d&rsquo;un t\u00e9moin et sans copie du passeport perdu\/vol\u00e9, et si jug\u00e9 n\u00e9cessaire, le Consulat G\u00e9n\u00e9ral se r\u00e9serve le droit de proc\u00e9der \u00e0 des v\u00e9rifications suppl\u00e9mentaires. L\u2019E.T.D. ne sera d\u00e9livr\u00e9 qu&rsquo;apr\u00e8s leur conclusion ;<\/li>\n<li>Copie du billet de retour imm\u00e9diat et direct avec destination finale dans le pays de r\u00e9sidence (billet d&rsquo;avion, ou impression de la r\u00e9servation du voyage, ou carte d&#8217;embarquement) ;<\/li>\n<\/ul>\n<p><u>Le co\u00fbt<\/u> d&rsquo;un E.T.D. est d&rsquo;environ 1,55 euros.<\/p>\n<p><strong>E.T.D. POUR LES MINEURS<\/strong><\/p>\n<p>En cas de perte ou de vol du passeport d&rsquo;un mineur, les deux parents (ou les tuteurs) devront faire la demande du document de voyage provisoire en suivant la m\u00eame proc\u00e9dure, en se pr\u00e9sentant personnellement au Consulat G\u00e9n\u00e9ral avec le mineur.<\/p>\n<p>Pour plus d&rsquo;informations, contactez par e-mail : <a href=\"mailto:casablanca.passaporti@esteri.it\">casablanca.passaporti@esteri.it<\/a><\/p>\n","protected":false},"excerpt":{"rendered":"AVIS IMPORTANT Nous informons les usagers que le document de voyage d&rsquo;urgence (Emergency Travel Document &#8211; E.T.D.) sera d\u00e9livr\u00e9 exclusivement dans les circonstances suivantes : Perte du passeport ; Vol du passeport ; Passeport endommag\u00e9 ou d\u00e9t\u00e9rior\u00e9. En cas de vol ou de perte, il est obligatoire de pr\u00e9senter une d\u00e9claration officielle d\u00e9pos\u00e9e aupr\u00e8s des [&hellip;]","protected":false},"author":1,"featured_media":0,"parent":162,"menu_order":2,"comment_status":"closed","ping_status":"closed","template":"","meta":{"footnotes":""},"class_list":["post-166","page","type-page","status-publish","hentry"],"_links":{"self":[{"href":"https:\/\/conscasablanca.esteri.it\/fr\/wp-json\/wp\/v2\/pages\/166","targetHints":{"allow":["GET"]}}],"collection":[{"href":"https:\/\/conscasablanca.esteri.it\/fr\/wp-json\/wp\/v2\/pages"}],"about":[{"href":"https:\/\/conscasablanca.esteri.it\/fr\/wp-json\/wp\/v2\/types\/page"}],"author":[{"embeddable":true,"href":"https:\/\/conscasablanca.esteri.it\/fr\/wp-json\/wp\/v2\/users\/1"}],"replies":[{"embeddable":true,"href":"https:\/\/conscasablanca.esteri.it\/fr\/wp-json\/wp\/v2\/comments?post=166"}],"version-history":[{"count":2,"href":"https:\/\/conscasablanca.esteri.it\/fr\/wp-json\/wp\/v2\/pages\/166\/revisions"}],"predecessor-version":[{"id":1882,"href":"https:\/\/conscasablanca.esteri.it\/fr\/wp-json\/wp\/v2\/pages\/166\/revisions\/1882"}],"up":[{"embeddable":true,"href":"https:\/\/conscasablanca.esteri.it\/fr\/wp-json\/wp\/v2\/pages\/162"}],"wp:attachment":[{"href":"https:\/\/conscasablanca.esteri.it\/fr\/wp-json\/wp\/v2\/media?parent=166"}],"curies":[{"name":"wp","href":"https:\/\/api.w.org\/{rel}","templated":true}]}}