{"id":165,"date":"2023-04-03T19:26:04","date_gmt":"2023-04-03T19:26:04","guid":{"rendered":"https:\/\/conscasablanca.esteri.it\/italia-e-marocco\/diplomazia-economica\/fare-affari-in-marocco\/"},"modified":"2024-10-14T09:22:57","modified_gmt":"2024-10-14T08:22:57","slug":"fare-affari-in-marocco","status":"publish","type":"page","link":"https:\/\/conscasablanca.esteri.it\/fr\/italia-e-marocco\/diplomazia-economica\/fare-affari-in-marocco\/","title":{"rendered":"Faire des affaires au Maroc"},"content":{"rendered":"<p><strong>ICE \u2013 Institut National pour le Commerce Ext\u00e9rieur<\/strong><\/p>\n<ul>\n<li>Organisme public charg\u00e9 de d\u00e9velopper, faciliter et promouvoir les relations \u00e9conomiques et commerciales italiennes \u00e0 l&rsquo;\u00e9tranger, avec une attention particuli\u00e8re aux besoins des petites et moyennes entreprises, de leurs consortiums et groupements ; en \u00e9troite collaboration avec le Minist\u00e8re des Activit\u00e9s Productives\u00a0;<\/li>\n<li>\u00e9labore le Programme des Activit\u00e9s Promotionnelles ;<\/li>\n<li>organise la participation \u00e0 des foires internationales et des initiatives pour d\u00e9velopper des contacts et des opportunit\u00e9s commerciales ;<\/li>\n<li>organise et g\u00e8re des s\u00e9minaires et des rencontres entre op\u00e9rateurs, r\u00e9alise des \u00e9tudes de march\u00e9 et met en place des actions de communication ;<\/li>\n<li>m\u00e8ne des activit\u00e9s pour attirer des investissements \u00e9trangers en Italie, en promouvant \u00e0 l&rsquo;\u00e9tranger \u2013 au nom d&rsquo;agences de d\u00e9veloppement locales \u2013 les opportunit\u00e9s dans des r\u00e9gions sp\u00e9cifiques, et en r\u00e9alisant des actions de communication, en collaboration avec Sviluppo Italia.<\/li>\n<\/ul>\n<p>&nbsp;<\/p>\n<p><strong>E-mail<\/strong> : <a href=\"mailto:casablanca@ice.it\">casablanca@ice.it<\/a><\/p>\n<p><strong>T\u00e9l<\/strong> : (00212) 522224992 \/ 522224994 \/ 52224995\/4996 \u2013 <strong>Fax<\/strong> : (00212) 522274945<\/p>\n<p><strong>Site web<\/strong> : <a href=\"https:\/\/www.ice.it\/it\/mercati\/marocco\">ICE Maroc<\/a><\/p>\n<p>21, AVENUE HASSAN SOUKTANI<br \/>\n20060, CASABLANCA<\/p>\n<p>Horaires d\u2019ouverture au public :<br \/>\nLundi \u2013 Jeudi : 8h30 \u2013 16h30<br \/>\nVendredi : 8h30 \u2013 14h00<\/p>\n<p>Le bureau ICE de Casablanca fournit des services d&rsquo;assistance et d&rsquo;information \u00e9galement pour la C\u00f4te d&rsquo;Ivoire, la Mauritanie et le S\u00e9n\u00e9gal.<\/p>\n<p>&nbsp;<\/p>\n<p><strong>Chambre de Commerce Italienne au Maroc<\/strong><\/p>\n<p>59, Rue Moussa Ibnou Noussair 1er \u00e9tage<br \/>\nCasablanca \u2013 Maroc<\/p>\n<p>T\u00e9l : (212) 522 27 82 17 \/ 26 56 53 \/ 26 46 51<\/p>\n<p>Fax : (212) 522 27 86 27<\/p>\n<p>Email : <a href=\"mailto:info@ccimaroc.com\">info@ccimaroc.com<\/a><\/p>\n<p>Site web : <a href=\"http:\/\/www.ccimaroc.com\/\">CCI Maroc<\/a><\/p>\n<p>&nbsp;<\/p>\n<p><strong>ASSOCAMERESTERO \u2013 Association des Chambres de Commerce Italiennes \u00e0 l\u2019\u00c9tranger<\/strong><\/p>\n<ul>\n<li>Association qui repr\u00e9sente les besoins et les potentialit\u00e9s de service des Chambres de Commerce Italiennes \u00e0 l&rsquo;\u00e9tranger (CCIE) et recherche des collaborations et alliances strat\u00e9giques avec des entit\u00e9s publiques et priv\u00e9es \u2013 italiennes et internationales \u2013 pour favoriser la connaissance et l&rsquo;utilisation du r\u00e9seau des CCIE\u00a0;<\/li>\n<li>r\u00e9dige le Rapport sur les Opportunit\u00e9s d&rsquo;Affaires, qui pr\u00e9sente les potentialit\u00e9s des CCIE en tant que fournisseurs d&rsquo;informations sur les opportunit\u00e9s commerciales, secteur par secteur, existantes dans les pays o\u00f9 le r\u00e9seau est pr\u00e9sent ;<\/li>\n<li>fournit une assistance en mati\u00e8re de projet et coordonne les guichets d&rsquo;internationalisation des Chambres de Commerce Italiennes \u00e0 l&rsquo;\u00e9tranger, en liaison avec le projet Unioncamere.<\/li>\n<\/ul>\n<p><a href=\"http:\/\/www.assocamerestero.it\">www.assocamerestero.it<\/a><\/p>\n<p>&nbsp;<\/p>\n<p><strong>UNIONCAMERE \u2013 Union Italienne des Chambres de Commerce, Industrie et Artisanat<\/strong><\/p>\n<ul>\n<li>Union qui d\u00e9fend et repr\u00e9sente les int\u00e9r\u00eats g\u00e9n\u00e9raux des Chambres de Commerce, point de r\u00e9f\u00e9rence pour les secteurs productifs, tant au niveau local que national et international\u00a0;<\/li>\n<li>favorise, r\u00e9alise et g\u00e8re, directement ou \u00e0 travers ses propres entreprises sp\u00e9ciales, des services et des activit\u00e9s d&rsquo;int\u00e9r\u00eat pour les Chambres de Commerce et les cat\u00e9gories \u00e9conomiques ;<\/li>\n<li>vise \u00e0 consolider et d\u00e9velopper la collaboration avec le r\u00e9seau des CCIE ;<\/li>\n<li>facilite l&rsquo;acc\u00e8s, avec des technologies de pointe, aux initiatives et programmes communautaires, en favorisant des accords internationaux pour promouvoir l&rsquo;Italie dans le monde.<\/li>\n<\/ul>\n<p><a href=\"http:\/\/www.unioncamere.it\">www.unioncamere.it<\/a><\/p>\n<p>&nbsp;<\/p>\n<p><strong>ENIT \u2013 Office National Italien du Tourisme<\/strong><\/p>\n<ul>\n<li>Structure institutionnelle qui assure la promotion touristique de l&rsquo;Italie \u00e0 l&rsquo;\u00e9tranger en adoptant des initiatives pour faire conna\u00eetre les ressources touristiques nationales et r\u00e9gionales, et en particulier les valeurs naturelles, environnementales, historiques, culturelles et artistiques de notre pays\u00a0:<\/li>\n<li>assiste et offre des services techniques aux entreprises touristiques italiennes pour leur p\u00e9n\u00e9tration commerciale sur les march\u00e9s \u00e9trangers ;<\/li>\n<li>\u00e9labore des \u00e9tudes sur les march\u00e9s internationaux, en particulier sur les tendances de la demande touristique individuelle et organis\u00e9e ;<\/li>\n<li>analyse l&rsquo;\u00e9volution de la demande touristique \u00e9trang\u00e8re et planifie des strat\u00e9gies op\u00e9rationnelles con\u00e7ues en collaboration avec les acteurs publics et priv\u00e9s du tourisme italien (Minist\u00e8re des Activit\u00e9s Productives, Minist\u00e8re des Affaires \u00c9trang\u00e8res, R\u00e9gions, Administrations Publiques, Organisations et Associations de cat\u00e9gorie et prestataires de services touristiques).<\/li>\n<\/ul>\n<p><a href=\"http:\/\/www.enit.it\">www.enit.it<\/a><\/p>\n<p>&nbsp;<\/p>\n<p><strong>Mondimpresa \u2013 Agence pour la Mondialisation de l&rsquo;Entreprise<\/strong><\/p>\n<ul>\n<li>Agence qui promeut et soutient les processus de mondialisation, en particulier des PME \u2013 principalement dans le sud de l&rsquo;Italie \u2013 \u00e0 travers un r\u00e9seau large et bien \u00e9tabli en Italie, compos\u00e9 des diff\u00e9rentes r\u00e9alit\u00e9s du Syst\u00e8me Italien des Chambres de Commerce, de Confcommercio et de Confagricoltura ;<\/li>\n<li>r\u00e9dige des offres et des projets pour la participation \u00e0 des appels d&rsquo;offres et pour l&rsquo;obtention de financements de la part des administrations publiques et des principales organisations internationales ;<\/li>\n<li>organise des initiatives visant \u00e0 promouvoir le partenariat entrepreneurial transnational, tant sectoriel que multisectoriel ;<\/li>\n<li>favorise les investissements \u00e9trangers en Italie en diffusant des informations sur la structure du syst\u00e8me entrepreneurial italien et sur la l\u00e9gislation de soutien aux investissements.<\/li>\n<\/ul>\n","protected":false},"excerpt":{"rendered":"ICE \u2013 Institut National pour le Commerce Ext\u00e9rieur Organisme public charg\u00e9 de d\u00e9velopper, faciliter et promouvoir les relations \u00e9conomiques et commerciales italiennes \u00e0 l&rsquo;\u00e9tranger, avec une attention particuli\u00e8re aux besoins des petites et moyennes entreprises, de leurs consortiums et groupements ; en \u00e9troite collaboration avec le Minist\u00e8re des Activit\u00e9s Productives\u00a0; \u00e9labore le Programme des Activit\u00e9s [&hellip;]","protected":false},"author":1,"featured_media":0,"parent":153,"menu_order":0,"comment_status":"closed","ping_status":"closed","template":"","meta":{"footnotes":""},"class_list":["post-165","page","type-page","status-publish","hentry"],"_links":{"self":[{"href":"https:\/\/conscasablanca.esteri.it\/fr\/wp-json\/wp\/v2\/pages\/165","targetHints":{"allow":["GET"]}}],"collection":[{"href":"https:\/\/conscasablanca.esteri.it\/fr\/wp-json\/wp\/v2\/pages"}],"about":[{"href":"https:\/\/conscasablanca.esteri.it\/fr\/wp-json\/wp\/v2\/types\/page"}],"author":[{"embeddable":true,"href":"https:\/\/conscasablanca.esteri.it\/fr\/wp-json\/wp\/v2\/users\/1"}],"replies":[{"embeddable":true,"href":"https:\/\/conscasablanca.esteri.it\/fr\/wp-json\/wp\/v2\/comments?post=165"}],"version-history":[{"count":2,"href":"https:\/\/conscasablanca.esteri.it\/fr\/wp-json\/wp\/v2\/pages\/165\/revisions"}],"predecessor-version":[{"id":1744,"href":"https:\/\/conscasablanca.esteri.it\/fr\/wp-json\/wp\/v2\/pages\/165\/revisions\/1744"}],"up":[{"embeddable":true,"href":"https:\/\/conscasablanca.esteri.it\/fr\/wp-json\/wp\/v2\/pages\/153"}],"wp:attachment":[{"href":"https:\/\/conscasablanca.esteri.it\/fr\/wp-json\/wp\/v2\/media?parent=165"}],"curies":[{"name":"wp","href":"https:\/\/api.w.org\/{rel}","templated":true}]}}