{"id":164,"date":"2023-04-03T18:23:50","date_gmt":"2023-04-03T18:23:50","guid":{"rendered":"https:\/\/conscasablanca.esteri.it\/italia-e-marocco\/"},"modified":"2024-10-14T09:18:25","modified_gmt":"2024-10-14T08:18:25","slug":"italia-e-marocco","status":"publish","type":"page","link":"https:\/\/conscasablanca.esteri.it\/fr\/italia-e-marocco\/","title":{"rendered":"Italie et Maroc"},"content":{"rendered":"<h2><strong>Les Relations bilat\u00e9rales<\/strong><\/h2>\n<p>En raison de la stabilit\u00e9 et du poids politique que le Maroc peut revendiquer, notamment en Afrique \u2013 depuis 2017, il est de nouveau membre de l&rsquo;Union Africaine \u2013 ainsi que de son activisme sur le plan r\u00e9gional (Dialogue 5+5, Union pour la M\u00e9diterran\u00e9e, Processus de Rabat, n\u00e9gociations sur la Libye), les relations avec l&rsquo;Italie ont toujours \u00e9t\u00e9 excellentes et marqu\u00e9es par une collaboration mutuelle maximale. Les nombreuses occasions de rencontre entre les repr\u00e9sentants institutionnels au fil des ans ont toujours mis en lumi\u00e8re une entente fondamentale sur des th\u00e8mes d&rsquo;int\u00e9r\u00eat commun, tels que les migrations, le processus de stabilisation en Libye, la lutte contre le terrorisme et la pr\u00e9vention de la radicalisation.<\/p>\n<p>&nbsp;<\/p>\n<p>Le Maroc est \u00e9galement un pays strat\u00e9gique pour l&rsquo;Italie en raison des pr\u00e9visions de croissance \u00e9conomique favorables et des nombreuses opportunit\u00e9s pour les entreprises en mati\u00e8re d&rsquo;investissement. Il se distingue comme une excellence dans toute la r\u00e9gion m\u00e9diterran\u00e9enne, \u00e0 laquelle notre syst\u00e8me national accorde une attention croissante. Membre de plusieurs accords de libre-\u00e9change, le Maroc s&rsquo;affirme progressivement comme une porte d&rsquo;acc\u00e8s \u00e0 l&rsquo;Afrique. Concernant les \u00e9changes commerciaux avec l&rsquo;Italie, selon les donn\u00e9es de l&rsquo;ISTAT, en 2016, le flux total de marchandises entre l&rsquo;Italie et le Maroc a augment\u00e9 de 8,1 %, passant de 2,26 milliards d&rsquo;euros en 2015 \u00e0 2,45 milliards l&rsquo;ann\u00e9e derni\u00e8re. Cette tendance positive s&rsquo;est encore confirm\u00e9e au cours des quatre premiers mois de 2017, p\u00e9riode durant laquelle le flux d&rsquo;\u00e9changes a augment\u00e9 de 15,1 % par rapport \u00e0 l&rsquo;ann\u00e9e pr\u00e9c\u00e9dente.<\/p>\n","protected":false},"excerpt":{"rendered":"Les Relations bilat\u00e9rales En raison de la stabilit\u00e9 et du poids politique que le Maroc peut revendiquer, notamment en Afrique \u2013 depuis 2017, il est de nouveau membre de l&rsquo;Union Africaine \u2013 ainsi que de son activisme sur le plan r\u00e9gional (Dialogue 5+5, Union pour la M\u00e9diterran\u00e9e, Processus de Rabat, n\u00e9gociations sur la Libye), les [&hellip;]","protected":false},"author":1,"featured_media":0,"parent":0,"menu_order":4,"comment_status":"closed","ping_status":"closed","template":"","meta":{"footnotes":""},"class_list":["post-164","page","type-page","status-publish","hentry"],"_links":{"self":[{"href":"https:\/\/conscasablanca.esteri.it\/fr\/wp-json\/wp\/v2\/pages\/164","targetHints":{"allow":["GET"]}}],"collection":[{"href":"https:\/\/conscasablanca.esteri.it\/fr\/wp-json\/wp\/v2\/pages"}],"about":[{"href":"https:\/\/conscasablanca.esteri.it\/fr\/wp-json\/wp\/v2\/types\/page"}],"author":[{"embeddable":true,"href":"https:\/\/conscasablanca.esteri.it\/fr\/wp-json\/wp\/v2\/users\/1"}],"replies":[{"embeddable":true,"href":"https:\/\/conscasablanca.esteri.it\/fr\/wp-json\/wp\/v2\/comments?post=164"}],"version-history":[{"count":4,"href":"https:\/\/conscasablanca.esteri.it\/fr\/wp-json\/wp\/v2\/pages\/164\/revisions"}],"predecessor-version":[{"id":1738,"href":"https:\/\/conscasablanca.esteri.it\/fr\/wp-json\/wp\/v2\/pages\/164\/revisions\/1738"}],"wp:attachment":[{"href":"https:\/\/conscasablanca.esteri.it\/fr\/wp-json\/wp\/v2\/media?parent=164"}],"curies":[{"name":"wp","href":"https:\/\/api.w.org\/{rel}","templated":true}]}}