{"id":161,"date":"2023-04-03T18:24:11","date_gmt":"2023-04-03T18:24:11","guid":{"rendered":"https:\/\/conscasablanca.esteri.it\/servizi-consolari-e-visti\/"},"modified":"2024-10-15T11:10:31","modified_gmt":"2024-10-15T10:10:31","slug":"servizi-consolari-e-visti","status":"publish","type":"page","link":"https:\/\/conscasablanca.esteri.it\/fr\/servizi-consolari-e-visti\/","title":{"rendered":"Services consulaires et visas"},"content":{"rendered":"<p>Dans cette section du site sont pr\u00e9sent\u00e9s les services offerts par le Consulat G\u00e9n\u00e9ral d&rsquo;Italie \u00e0 Casablanca.<br \/>\nLe Consulat a pour mission d&rsquo;assurer la protection des citoyens italiens \u00e0 l&rsquo;\u00e9tranger et propose divers services.<br \/>\nCes services doivent \u00eatre fournis selon les principes d&rsquo;\u00e9galit\u00e9, d&rsquo;impartialit\u00e9, d&rsquo;efficacit\u00e9 et de transparence, avec pour objectif la protection des citoyens italiens concernent leurs droits fondamentaux et leur libert\u00e9 individuelle.<br \/>\nLa protection couvre, par exemple, les cas de d\u00e9c\u00e8s, d&rsquo;accident, de maladie grave, d&rsquo;arrestation ou de d\u00e9tention, d&rsquo;actes de violence, d&rsquo;assistance en cas de crises graves (catastrophes naturelles, troubles civils, conflits arm\u00e9s, etc.), ainsi que la d\u00e9livrance de documents de voyage d&rsquo;urgence aux citoyens non-r\u00e9sidents en cas de perte ou de vol de leur passeport.<\/p>\n<p><strong>ATTENTION<\/strong><\/p>\n<p>Afin de garantir le respect effectif des principes mentionn\u00e9s, l&rsquo;acc\u00e8s aux guichets se fait via un syst\u00e8me de r\u00e9servation en ligne. \u00c9tant donn\u00e9 que la communaut\u00e9 r\u00e9sidente est particuli\u00e8rement nombreuse, les r\u00e9servations se remplissent rapidement. Toutes les demandes re\u00e7ues sont trait\u00e9es par ordre chronologique d&rsquo;arriv\u00e9e. Pour certains services, il est possible d&rsquo;envoyer une demande par courrier \u00e9lectronique, conform\u00e9ment aux indications sp\u00e9cifi\u00e9es dans les sections appropri\u00e9es.<\/p>\n","protected":false},"excerpt":{"rendered":"Dans cette section du site sont pr\u00e9sent\u00e9s les services offerts par le Consulat G\u00e9n\u00e9ral d&rsquo;Italie \u00e0 Casablanca. Le Consulat a pour mission d&rsquo;assurer la protection des citoyens italiens \u00e0 l&rsquo;\u00e9tranger et propose divers services. Ces services doivent \u00eatre fournis selon les principes d&rsquo;\u00e9galit\u00e9, d&rsquo;impartialit\u00e9, d&rsquo;efficacit\u00e9 et de transparence, avec pour objectif la protection des citoyens [&hellip;]","protected":false},"author":1,"featured_media":0,"parent":0,"menu_order":6,"comment_status":"closed","ping_status":"closed","template":"","meta":{"footnotes":""},"class_list":["post-161","page","type-page","status-publish","hentry"],"_links":{"self":[{"href":"https:\/\/conscasablanca.esteri.it\/fr\/wp-json\/wp\/v2\/pages\/161","targetHints":{"allow":["GET"]}}],"collection":[{"href":"https:\/\/conscasablanca.esteri.it\/fr\/wp-json\/wp\/v2\/pages"}],"about":[{"href":"https:\/\/conscasablanca.esteri.it\/fr\/wp-json\/wp\/v2\/types\/page"}],"author":[{"embeddable":true,"href":"https:\/\/conscasablanca.esteri.it\/fr\/wp-json\/wp\/v2\/users\/1"}],"replies":[{"embeddable":true,"href":"https:\/\/conscasablanca.esteri.it\/fr\/wp-json\/wp\/v2\/comments?post=161"}],"version-history":[{"count":3,"href":"https:\/\/conscasablanca.esteri.it\/fr\/wp-json\/wp\/v2\/pages\/161\/revisions"}],"predecessor-version":[{"id":1870,"href":"https:\/\/conscasablanca.esteri.it\/fr\/wp-json\/wp\/v2\/pages\/161\/revisions\/1870"}],"wp:attachment":[{"href":"https:\/\/conscasablanca.esteri.it\/fr\/wp-json\/wp\/v2\/media?parent=161"}],"curies":[{"name":"wp","href":"https:\/\/api.w.org\/{rel}","templated":true}]}}