{"id":160,"date":"2023-04-03T19:17:35","date_gmt":"2023-04-03T19:17:35","guid":{"rendered":"https:\/\/conscasablanca.esteri.it\/cooperazione-allo-sviluppo\/"},"modified":"2024-10-14T11:12:29","modified_gmt":"2024-10-14T10:12:29","slug":"cooperazione-allo-sviluppo","status":"publish","type":"page","link":"https:\/\/conscasablanca.esteri.it\/fr\/italia-e-marocco\/cooperazione-allo-sviluppo\/","title":{"rendered":"Coop\u00e9ration au d\u00e9veloppement"},"content":{"rendered":"<p>La coop\u00e9ration internationale au d\u00e9veloppement durable est une partie int\u00e9grante et qualifiante de la politique \u00e9trang\u00e8re de l&rsquo;Italie. Elle s&rsquo;inspire des principes de la Charte des Nations Unies et de la Charte des droits fondamentaux de l&rsquo;Union europ\u00e9enne. De plus, conform\u00e9ment au principe de l&rsquo;article 11 de la Constitution, elle contribue \u00e0 la promotion de la paix et de la justice et vise \u00e0 favoriser des relations solidaires et \u00e9quitables entre les peuples, fond\u00e9es sur les principes d&rsquo;interd\u00e9pendance et de partenariat.<\/p>\n<p>Le texte de r\u00e9f\u00e9rence pour l&rsquo;ensemble du syst\u00e8me italien de coop\u00e9ration au d\u00e9veloppement est le Document triennal de programmation et d&rsquo;orientation, qui d\u00e9cline les Objectifs de D\u00e9veloppement Durable contenus dans l&rsquo;Agenda 2030 des Nations Unies. Le Document actuellement en vigueur, valable pour la p\u00e9riode triennale 2021-2023, a identifi\u00e9 20 pays prioritaires : 11 en Afrique (\u00c9gypte, Tunisie, \u00c9thiopie, Kenya, Somalie, Soudan, Burkina Faso, Mali, Niger, S\u00e9n\u00e9gal, Mozambique), 4 dans la r\u00e9gion du Moyen-Orient (Jordanie, Irak, Liban, Territoires palestiniens), 1 dans les Balkans europ\u00e9ens (Albanie), 2 en Asie (Afghanistan, Myanmar), 2 en Am\u00e9rique latine (Cuba, Salvador).<\/p>\n<p>Pour plus d&rsquo;informations, veuillez consulter le site du <a href=\"https:\/\/www.esteri.it\/it\/politica-estera-e-cooperazione-allo-sviluppo\/cooperaz_sviluppo\/\">MAECI \u2013 Coop\u00e9ration Internationale<\/a>.<\/p>\n","protected":false},"excerpt":{"rendered":"La coop\u00e9ration internationale au d\u00e9veloppement durable est une partie int\u00e9grante et qualifiante de la politique \u00e9trang\u00e8re de l&rsquo;Italie. Elle s&rsquo;inspire des principes de la Charte des Nations Unies et de la Charte des droits fondamentaux de l&rsquo;Union europ\u00e9enne. De plus, conform\u00e9ment au principe de l&rsquo;article 11 de la Constitution, elle contribue \u00e0 la promotion de [&hellip;]","protected":false},"author":1,"featured_media":0,"parent":164,"menu_order":6,"comment_status":"closed","ping_status":"closed","template":"","meta":{"footnotes":""},"class_list":["post-160","page","type-page","status-publish","hentry"],"_links":{"self":[{"href":"https:\/\/conscasablanca.esteri.it\/fr\/wp-json\/wp\/v2\/pages\/160","targetHints":{"allow":["GET"]}}],"collection":[{"href":"https:\/\/conscasablanca.esteri.it\/fr\/wp-json\/wp\/v2\/pages"}],"about":[{"href":"https:\/\/conscasablanca.esteri.it\/fr\/wp-json\/wp\/v2\/types\/page"}],"author":[{"embeddable":true,"href":"https:\/\/conscasablanca.esteri.it\/fr\/wp-json\/wp\/v2\/users\/1"}],"replies":[{"embeddable":true,"href":"https:\/\/conscasablanca.esteri.it\/fr\/wp-json\/wp\/v2\/comments?post=160"}],"version-history":[{"count":2,"href":"https:\/\/conscasablanca.esteri.it\/fr\/wp-json\/wp\/v2\/pages\/160\/revisions"}],"predecessor-version":[{"id":1865,"href":"https:\/\/conscasablanca.esteri.it\/fr\/wp-json\/wp\/v2\/pages\/160\/revisions\/1865"}],"up":[{"embeddable":true,"href":"https:\/\/conscasablanca.esteri.it\/fr\/wp-json\/wp\/v2\/pages\/164"}],"wp:attachment":[{"href":"https:\/\/conscasablanca.esteri.it\/fr\/wp-json\/wp\/v2\/media?parent=160"}],"curies":[{"name":"wp","href":"https:\/\/api.w.org\/{rel}","templated":true}]}}