{"id":159,"date":"2023-04-03T19:17:18","date_gmt":"2023-04-03T19:17:18","guid":{"rendered":"https:\/\/conscasablanca.esteri.it\/diplomazia-scientifica\/"},"modified":"2024-10-14T11:10:39","modified_gmt":"2024-10-14T10:10:39","slug":"diplomazia-scientifica","status":"publish","type":"page","link":"https:\/\/conscasablanca.esteri.it\/fr\/italia-e-marocco\/diplomazia-scientifica\/","title":{"rendered":"Diplomatie scientifique"},"content":{"rendered":"<p>Le Minist\u00e8re des Affaires \u00c9trang\u00e8res et de la Coop\u00e9ration Internationale promeut l&rsquo;internationalisation de la recherche italienne et la diplomatie scientifique, en tant qu&rsquo;instruments fondamentaux pour le d\u00e9veloppement de la coop\u00e9ration entre l&rsquo;Italie et le reste du monde.<\/p>\n<p>La logique qui sous-tend ces activit\u00e9s repose sur la conviction que, pour le d\u00e9veloppement \u00e9conomique, l&rsquo;innovation et le soutien \u00e0 la recherche scientifique sont indispensables.<\/p>\n<p>Pour plus d&rsquo;informations, veuillez consulter le site du <a href=\"https:\/\/www.esteri.it\/it\/diplomazia-culturale-e-diplomazia-scientifica\/cooperscientificatecnologica\/\">MAECI \u2013 Diplomatie Scientifique<\/a>.<\/p>\n","protected":false},"excerpt":{"rendered":"Le Minist\u00e8re des Affaires \u00c9trang\u00e8res et de la Coop\u00e9ration Internationale promeut l&rsquo;internationalisation de la recherche italienne et la diplomatie scientifique, en tant qu&rsquo;instruments fondamentaux pour le d\u00e9veloppement de la coop\u00e9ration entre l&rsquo;Italie et le reste du monde. La logique qui sous-tend ces activit\u00e9s repose sur la conviction que, pour le d\u00e9veloppement \u00e9conomique, l&rsquo;innovation et le [&hellip;]","protected":false},"author":1,"featured_media":0,"parent":164,"menu_order":4,"comment_status":"closed","ping_status":"closed","template":"","meta":{"footnotes":""},"class_list":["post-159","page","type-page","status-publish","hentry"],"_links":{"self":[{"href":"https:\/\/conscasablanca.esteri.it\/fr\/wp-json\/wp\/v2\/pages\/159","targetHints":{"allow":["GET"]}}],"collection":[{"href":"https:\/\/conscasablanca.esteri.it\/fr\/wp-json\/wp\/v2\/pages"}],"about":[{"href":"https:\/\/conscasablanca.esteri.it\/fr\/wp-json\/wp\/v2\/types\/page"}],"author":[{"embeddable":true,"href":"https:\/\/conscasablanca.esteri.it\/fr\/wp-json\/wp\/v2\/users\/1"}],"replies":[{"embeddable":true,"href":"https:\/\/conscasablanca.esteri.it\/fr\/wp-json\/wp\/v2\/comments?post=159"}],"version-history":[{"count":2,"href":"https:\/\/conscasablanca.esteri.it\/fr\/wp-json\/wp\/v2\/pages\/159\/revisions"}],"predecessor-version":[{"id":1864,"href":"https:\/\/conscasablanca.esteri.it\/fr\/wp-json\/wp\/v2\/pages\/159\/revisions\/1864"}],"up":[{"embeddable":true,"href":"https:\/\/conscasablanca.esteri.it\/fr\/wp-json\/wp\/v2\/pages\/164"}],"wp:attachment":[{"href":"https:\/\/conscasablanca.esteri.it\/fr\/wp-json\/wp\/v2\/media?parent=159"}],"curies":[{"name":"wp","href":"https:\/\/api.w.org\/{rel}","templated":true}]}}