{"id":158,"date":"2023-04-03T19:26:56","date_gmt":"2023-04-03T19:26:56","guid":{"rendered":"https:\/\/conscasablanca.esteri.it\/diplomazia-culturale\/lingua-e-cultura-italiana\/"},"modified":"2024-10-14T11:08:11","modified_gmt":"2024-10-14T10:08:11","slug":"lingua-e-cultura-italiana","status":"publish","type":"page","link":"https:\/\/conscasablanca.esteri.it\/fr\/italia-e-marocco\/diplomazia-culturale\/lingua-e-cultura-italiana\/","title":{"rendered":"Langue et culture italienne"},"content":{"rendered":"<p>La promotion de la langue italienne \u00e0 l&rsquo;\u00e9tranger est l&rsquo;un des principaux instruments dont dispose notre pays pour sa projection internationale ; elle rev\u00eat donc un int\u00e9r\u00eat prioritaire pour la politique \u00e9trang\u00e8re.<\/p>\n<p>La connaissance de la langue italienne est en effet indispensable pour entrer en contact avec notre culture dans son ensemble et pour mieux comprendre les dynamiques du \u00ab Vivre \u00e0 l&rsquo;italienne \u00bb. Ces derni\u00e8res ann\u00e9es, l&rsquo;importance du lien entre l&rsquo;italien et le Made in Italy s&rsquo;est \u00e9galement affirm\u00e9e avec force : notre langue est la deuxi\u00e8me la plus utilis\u00e9e dans le domaine des enseignes commerciales \u00e0 l&rsquo;\u00e9chelle mondiale.<\/p>\n<p>Un important outil de promotion de la langue italienne est la Semaine de la langue italienne dans le monde, qui a lieu chaque ann\u00e9e pendant la troisi\u00e8me semaine d&rsquo;octobre : il s&rsquo;agit de la plus importante manifestation mondiale d\u00e9di\u00e9e \u00e0 notre langue, qui se consacre chaque ann\u00e9e \u00e0 un th\u00e8me diff\u00e9rent d&rsquo;actualit\u00e9.<\/p>\n<p>L&rsquo;analyse des donn\u00e9es sur la diffusion de l&rsquo;italien dans le monde montre que plus de deux millions d&rsquo;\u00e9trangers choisissent d&rsquo;apprendre notre langue pour se rapprocher de notre riche patrimoine artistique et cr\u00e9atif. En ce qui concerne le Maroc, la langue italienne a atteint une diffusion significative, \u00e9tant connue par un pourcentage important de la population, principalement gr\u00e2ce au ph\u00e9nom\u00e8ne de l&rsquo;immigration de retour. La diffusion de la langue italienne au Maroc est \u00e9galement li\u00e9e \u00e0 l&rsquo;enseignement de l&rsquo;italien dans les lyc\u00e9es et les universit\u00e9s ainsi qu&rsquo;aux cours de langue organis\u00e9s par l&rsquo;Institut Italien de Culture de Rabat.<\/p>\n","protected":false},"excerpt":{"rendered":"La promotion de la langue italienne \u00e0 l&rsquo;\u00e9tranger est l&rsquo;un des principaux instruments dont dispose notre pays pour sa projection internationale ; elle rev\u00eat donc un int\u00e9r\u00eat prioritaire pour la politique \u00e9trang\u00e8re. La connaissance de la langue italienne est en effet indispensable pour entrer en contact avec notre culture dans son ensemble et pour mieux [&hellip;]","protected":false},"author":1,"featured_media":0,"parent":156,"menu_order":2,"comment_status":"closed","ping_status":"closed","template":"","meta":{"footnotes":""},"class_list":["post-158","page","type-page","status-publish","hentry"],"_links":{"self":[{"href":"https:\/\/conscasablanca.esteri.it\/fr\/wp-json\/wp\/v2\/pages\/158","targetHints":{"allow":["GET"]}}],"collection":[{"href":"https:\/\/conscasablanca.esteri.it\/fr\/wp-json\/wp\/v2\/pages"}],"about":[{"href":"https:\/\/conscasablanca.esteri.it\/fr\/wp-json\/wp\/v2\/types\/page"}],"author":[{"embeddable":true,"href":"https:\/\/conscasablanca.esteri.it\/fr\/wp-json\/wp\/v2\/users\/1"}],"replies":[{"embeddable":true,"href":"https:\/\/conscasablanca.esteri.it\/fr\/wp-json\/wp\/v2\/comments?post=158"}],"version-history":[{"count":2,"href":"https:\/\/conscasablanca.esteri.it\/fr\/wp-json\/wp\/v2\/pages\/158\/revisions"}],"predecessor-version":[{"id":1860,"href":"https:\/\/conscasablanca.esteri.it\/fr\/wp-json\/wp\/v2\/pages\/158\/revisions\/1860"}],"up":[{"embeddable":true,"href":"https:\/\/conscasablanca.esteri.it\/fr\/wp-json\/wp\/v2\/pages\/156"}],"wp:attachment":[{"href":"https:\/\/conscasablanca.esteri.it\/fr\/wp-json\/wp\/v2\/media?parent=158"}],"curies":[{"name":"wp","href":"https:\/\/api.w.org\/{rel}","templated":true}]}}