{"id":157,"date":"2023-04-03T19:26:44","date_gmt":"2023-04-03T19:26:44","guid":{"rendered":"https:\/\/conscasablanca.esteri.it\/diplomazia-culturale\/missioni-archeologiche\/"},"modified":"2024-10-14T11:09:48","modified_gmt":"2024-10-14T10:09:48","slug":"missioni-archeologiche","status":"publish","type":"page","link":"https:\/\/conscasablanca.esteri.it\/fr\/italia-e-marocco\/diplomazia-culturale\/missioni-archeologiche\/","title":{"rendered":"Missions arch\u00e9ologiques"},"content":{"rendered":"<p>Parmi les objectifs strat\u00e9giques du Minist\u00e8re des Affaires \u00c9trang\u00e8res et de la Coop\u00e9ration Internationale figure la promotion de la culture italienne, qui se r\u00e9alise \u00e9galement par l&rsquo;octroi de subventions aux missions arch\u00e9ologiques, anthropologiques et ethnologiques italiennes \u00e0 l&rsquo;\u00e9tranger.<\/p>\n<p>L&rsquo;octroi des subventions a lieu annuellement par la publication d&rsquo;un appel \u00e0 candidatures, qui r\u00e9glemente la pr\u00e9sentation des demandes, la s\u00e9lection des candidats et la justification des d\u00e9penses engag\u00e9es. Pour l&rsquo;ann\u00e9e 2023, 279 missions ont \u00e9t\u00e9 soutenues par l&rsquo;octroi de subventions (209) ou par des reconnaissances institutionnelles.<\/p>\n<p>Au Maroc, les projets de nature ethno-arch\u00e9ologique sont r\u00e9alis\u00e9s dans le cadre de recherches portant sur divers aspects : la question des \u00e9tablissements militaires \u00e0 l&rsquo;\u00e9poque romaine, les dynamiques socio-\u00e9conomiques et culturelles de la r\u00e9gion, les changements d\u00e9mographiques et la cr\u00e9ation d&rsquo;un r\u00e9seau en Afrique du Nord-Ouest et en M\u00e9diterran\u00e9e occidentale. Ces projets, en plus d&rsquo;autres th\u00e9matiques, suscitent un grand int\u00e9r\u00eat et les \u00e9tudes sont en constante \u00e9volution.<\/p>\n<p>Pour plus d&rsquo;informations, veuillez consulter le site du <a href=\"https:\/\/www.esteri.it\/it\/diplomazia-culturale-e-diplomazia-scientifica\/cultura\/archeologiapatrimonioculturale\/\">MAECI \u2013 Missions arch\u00e9ologiques et Patrimoine<\/a> et le <a href=\"https:\/\/archeologia.esteri.it\/Archeologia\">Portail arch\u00e9ologie<\/a>.<\/p>\n","protected":false},"excerpt":{"rendered":"Parmi les objectifs strat\u00e9giques du Minist\u00e8re des Affaires \u00c9trang\u00e8res et de la Coop\u00e9ration Internationale figure la promotion de la culture italienne, qui se r\u00e9alise \u00e9galement par l&rsquo;octroi de subventions aux missions arch\u00e9ologiques, anthropologiques et ethnologiques italiennes \u00e0 l&rsquo;\u00e9tranger. L&rsquo;octroi des subventions a lieu annuellement par la publication d&rsquo;un appel \u00e0 candidatures, qui r\u00e9glemente la pr\u00e9sentation [&hellip;]","protected":false},"author":1,"featured_media":0,"parent":156,"menu_order":0,"comment_status":"closed","ping_status":"closed","template":"","meta":{"footnotes":""},"class_list":["post-157","page","type-page","status-publish","hentry"],"_links":{"self":[{"href":"https:\/\/conscasablanca.esteri.it\/fr\/wp-json\/wp\/v2\/pages\/157","targetHints":{"allow":["GET"]}}],"collection":[{"href":"https:\/\/conscasablanca.esteri.it\/fr\/wp-json\/wp\/v2\/pages"}],"about":[{"href":"https:\/\/conscasablanca.esteri.it\/fr\/wp-json\/wp\/v2\/types\/page"}],"author":[{"embeddable":true,"href":"https:\/\/conscasablanca.esteri.it\/fr\/wp-json\/wp\/v2\/users\/1"}],"replies":[{"embeddable":true,"href":"https:\/\/conscasablanca.esteri.it\/fr\/wp-json\/wp\/v2\/comments?post=157"}],"version-history":[{"count":3,"href":"https:\/\/conscasablanca.esteri.it\/fr\/wp-json\/wp\/v2\/pages\/157\/revisions"}],"predecessor-version":[{"id":1861,"href":"https:\/\/conscasablanca.esteri.it\/fr\/wp-json\/wp\/v2\/pages\/157\/revisions\/1861"}],"up":[{"embeddable":true,"href":"https:\/\/conscasablanca.esteri.it\/fr\/wp-json\/wp\/v2\/pages\/156"}],"wp:attachment":[{"href":"https:\/\/conscasablanca.esteri.it\/fr\/wp-json\/wp\/v2\/media?parent=157"}],"curies":[{"name":"wp","href":"https:\/\/api.w.org\/{rel}","templated":true}]}}