{"id":156,"date":"2023-04-03T19:17:04","date_gmt":"2023-04-03T19:17:04","guid":{"rendered":"https:\/\/conscasablanca.esteri.it\/diplomazia-culturale\/"},"modified":"2024-10-14T11:04:20","modified_gmt":"2024-10-14T10:04:20","slug":"diplomazia-culturale","status":"publish","type":"page","link":"https:\/\/conscasablanca.esteri.it\/fr\/italia-e-marocco\/diplomazia-culturale\/","title":{"rendered":"Diplomatie culturelle"},"content":{"rendered":"<p>La culture est un \u00e9l\u00e9ment essentiel de l&rsquo;identit\u00e9 italienne et repr\u00e9sente en m\u00eame temps un outil indispensable pour relever les d\u00e9fis de la contemporan\u00e9it\u00e9. Elle comprend la langue italienne, l&rsquo;art, les traditions et la recherche scientifique, domaine dans lequel notre pays se distingue par des sommets d&rsquo;excellence au niveau mondial.<\/p>\n<p>La promotion culturelle est donc une activit\u00e9 fondamentale de la politique \u00e9trang\u00e8re de l&rsquo;Italie et du travail des repr\u00e9sentations diplomatiques, puisqu&rsquo;elle constitue l&rsquo;un des principaux instruments de projection ext\u00e9rieure.<\/p>\n<p>Compte tenu de ces pr\u00e9misses, le secteur de la diplomatie culturelle rev\u00eat une grande importance dans le cadre des activit\u00e9s du Consulat G\u00e9n\u00e9ral d&rsquo;Italie \u00e0 Casablanca, qui \u0153uvre \u00e9galement \u00e0 promouvoir le patrimoine artistique et culturel italien et \u00e0 en diffuser la connaissance au Maroc. L&rsquo;art, la langue, la musique, le cin\u00e9ma, l&rsquo;op\u00e9ra, le ballet, la cuisine ne sont que quelques-uns des domaines dans lesquels l&rsquo;Italie jouit d&rsquo;une r\u00e9putation \u00e9lev\u00e9e aupr\u00e8s du public marocain.<\/p>\n","protected":false},"excerpt":{"rendered":"La culture est un \u00e9l\u00e9ment essentiel de l&rsquo;identit\u00e9 italienne et repr\u00e9sente en m\u00eame temps un outil indispensable pour relever les d\u00e9fis de la contemporan\u00e9it\u00e9. Elle comprend la langue italienne, l&rsquo;art, les traditions et la recherche scientifique, domaine dans lequel notre pays se distingue par des sommets d&rsquo;excellence au niveau mondial. La promotion culturelle est donc [&hellip;]","protected":false},"author":1,"featured_media":0,"parent":164,"menu_order":2,"comment_status":"closed","ping_status":"closed","template":"","meta":{"footnotes":""},"class_list":["post-156","page","type-page","status-publish","hentry"],"_links":{"self":[{"href":"https:\/\/conscasablanca.esteri.it\/fr\/wp-json\/wp\/v2\/pages\/156","targetHints":{"allow":["GET"]}}],"collection":[{"href":"https:\/\/conscasablanca.esteri.it\/fr\/wp-json\/wp\/v2\/pages"}],"about":[{"href":"https:\/\/conscasablanca.esteri.it\/fr\/wp-json\/wp\/v2\/types\/page"}],"author":[{"embeddable":true,"href":"https:\/\/conscasablanca.esteri.it\/fr\/wp-json\/wp\/v2\/users\/1"}],"replies":[{"embeddable":true,"href":"https:\/\/conscasablanca.esteri.it\/fr\/wp-json\/wp\/v2\/comments?post=156"}],"version-history":[{"count":3,"href":"https:\/\/conscasablanca.esteri.it\/fr\/wp-json\/wp\/v2\/pages\/156\/revisions"}],"predecessor-version":[{"id":1857,"href":"https:\/\/conscasablanca.esteri.it\/fr\/wp-json\/wp\/v2\/pages\/156\/revisions\/1857"}],"up":[{"embeddable":true,"href":"https:\/\/conscasablanca.esteri.it\/fr\/wp-json\/wp\/v2\/pages\/164"}],"wp:attachment":[{"href":"https:\/\/conscasablanca.esteri.it\/fr\/wp-json\/wp\/v2\/media?parent=156"}],"curies":[{"name":"wp","href":"https:\/\/api.w.org\/{rel}","templated":true}]}}