{"id":153,"date":"2023-04-03T19:16:52","date_gmt":"2023-04-03T19:16:52","guid":{"rendered":"https:\/\/conscasablanca.esteri.it\/diplomazia-economica\/"},"modified":"2024-10-14T09:19:52","modified_gmt":"2024-10-14T08:19:52","slug":"diplomazia-economica","status":"publish","type":"page","link":"https:\/\/conscasablanca.esteri.it\/fr\/italia-e-marocco\/diplomazia-economica\/","title":{"rendered":"Diplomatie \u00e9conomique"},"content":{"rendered":"<p>Cette section r\u00e9sume le cadre des relations \u00e9conomiques et commerciales entre l&rsquo;Italie et le Maroc, qui sont intenses et vari\u00e9es.<\/p>\n<p>Des informations concernant les affaires dans les deux pays sont rassembl\u00e9es ici.<\/p>\n<p>Pour des approfondissements de nature \u00e9conomique et commerciale, il est possible de consulter le site <a href=\"http:\/\/www.infomercatiesteri.it\/paese.php?id_paesi=110#slider-2\">InfoMercatiEsteri<\/a>.<\/p>\n","protected":false},"excerpt":{"rendered":"Cette section r\u00e9sume le cadre des relations \u00e9conomiques et commerciales entre l&rsquo;Italie et le Maroc, qui sont intenses et vari\u00e9es. Des informations concernant les affaires dans les deux pays sont rassembl\u00e9es ici. Pour des approfondissements de nature \u00e9conomique et commerciale, il est possible de consulter le site InfoMercatiEsteri.","protected":false},"author":1,"featured_media":0,"parent":164,"menu_order":0,"comment_status":"closed","ping_status":"closed","template":"","meta":{"footnotes":""},"class_list":["post-153","page","type-page","status-publish","hentry"],"_links":{"self":[{"href":"https:\/\/conscasablanca.esteri.it\/fr\/wp-json\/wp\/v2\/pages\/153","targetHints":{"allow":["GET"]}}],"collection":[{"href":"https:\/\/conscasablanca.esteri.it\/fr\/wp-json\/wp\/v2\/pages"}],"about":[{"href":"https:\/\/conscasablanca.esteri.it\/fr\/wp-json\/wp\/v2\/types\/page"}],"author":[{"embeddable":true,"href":"https:\/\/conscasablanca.esteri.it\/fr\/wp-json\/wp\/v2\/users\/1"}],"replies":[{"embeddable":true,"href":"https:\/\/conscasablanca.esteri.it\/fr\/wp-json\/wp\/v2\/comments?post=153"}],"version-history":[{"count":2,"href":"https:\/\/conscasablanca.esteri.it\/fr\/wp-json\/wp\/v2\/pages\/153\/revisions"}],"predecessor-version":[{"id":1741,"href":"https:\/\/conscasablanca.esteri.it\/fr\/wp-json\/wp\/v2\/pages\/153\/revisions\/1741"}],"up":[{"embeddable":true,"href":"https:\/\/conscasablanca.esteri.it\/fr\/wp-json\/wp\/v2\/pages\/164"}],"wp:attachment":[{"href":"https:\/\/conscasablanca.esteri.it\/fr\/wp-json\/wp\/v2\/media?parent=153"}],"curies":[{"name":"wp","href":"https:\/\/api.w.org\/{rel}","templated":true}]}}