{"id":151,"date":"2023-04-03T19:16:29","date_gmt":"2023-04-03T19:16:29","guid":{"rendered":"https:\/\/conscasablanca.esteri.it\/chi-siamo\/la-rete-consolare\/"},"modified":"2024-10-16T11:47:52","modified_gmt":"2024-10-16T10:47:52","slug":"la-rete-consolare","status":"publish","type":"page","link":"https:\/\/conscasablanca.esteri.it\/fr\/chi-siamo\/la-rete-consolare\/","title":{"rendered":"Le r\u00e9seau consulaire"},"content":{"rendered":"<p><strong>CONSULATS HONORAIRES<\/strong><\/p>\n<p><strong>Vice-Consulat honoraire \u00e0 AGADIR<\/strong><\/p>\n<p>Vice-Consul honoraire : Mme <strong>Antonella BERTONCELLO<\/strong><br \/>\nAdresse : Bureau n.20 \u2013 3\u00e8me \u00e9tage \u2013 immeuble OUMLIL<br \/>\nHoraires d&rsquo;ouverture : du lundi au vendredi de 9h \u00e0 13h<br \/>\nT\u00e9l : 00212 (0)528 847139<br \/>\nPortable : 00212 (0)670 636679 (actif de 9h \u00e0 12h et de 14h \u00e0 18h)<br \/>\nFax : 00212 (0)528 846375<br \/>\nE-mail : <a href=\"mailto:v.consolatoagadir@gmail.com\">v.consolatoagadir@gmail.com<\/a> \u2013 <a href=\"https:\/\/conscasablanca.esteri.it\/wp-content\/uploads\/2023\/10\/DECRETO-LIMITAZIONE-FUNZIONI-agadir.pdf\">D\u00e9cret de limitation des fonctions<\/a><\/p>\n<p><strong>Vice-Consulat honoraire \u00e0 MARRAKECH<\/strong><\/p>\n<p>Vice-Consul honoraire : M. <strong>Karim BENFALLAH<\/strong><br \/>\nAdresse : 2, Rue Ibn Aicha 4\u00e8me \u00e9tage int\u00e9rieur 16, Gueliz MARRAKECH<br \/>\nT\u00e9l : 00 212 (0)524 420 276<br \/>\nFax : 00 212 (0)524 430650<br \/>\nE-mail : <a href=\"mailto:consolato.onorario.marrakech21@gmail.com\">consolato.onorario.marrakech21@gmail.com<\/a> \u2013 <a href=\"https:\/\/conscasablanca.esteri.it\/wp-content\/uploads\/2023\/10\/DECRETO-LIMITAZIONE-FUNZIONI-marrakech.pdf\">D\u00e9cret de limitation des fonctions<\/a><\/p>\n<p><strong>Vice-Consulat honoraire \u00e0 FES<\/strong><\/p>\n<p>Vice-Consul honoraire : M. <strong>Abdelkrim MELIANI<\/strong><br \/>\nAdresse : 70, Avenue Hassan II (2\u00e8me \u00e9tage), 30000 F\u00e8s<br \/>\nT\u00e9l : 00212 (0)535 652557<br \/>\nFax : 00212 (0)535 652557<br \/>\nE-mail : <a href=\"mailto:v.consolatofez@gmail.com\">v.consolatofez@gmail.com<\/a> \u2013 <a href=\"https:\/\/conscasablanca.esteri.it\/wp-content\/uploads\/2023\/10\/DECRETO-LIMITAZIONE-FUNZIONI-FES.pdf\">D\u00e9cret de limitation des fonctions<\/a><\/p>\n<p><strong>CORRESPONDANTS CONSULAIRES<\/strong><\/p>\n<p><strong>ESSAOUIRA<\/strong><\/p>\n<ol>\n<li><strong>Gabriele MELETTI<\/strong><br \/>\nT\u00e9l\u00e9phone et Fax : 00212 (0)524784245<br \/>\nAdresse : TIEMESIS AFRIQUE Lot 815 Lotissement Azelf<br \/>\nE-mail : <a href=\"mailto:gabriele.meletti@gmail.com\">gabriele.meletti@gmail.com<\/a><\/li>\n<\/ol>\n<p><strong>FKIH BEN SALAH<\/strong> (comp\u00e9tent \u00e9galement pour <strong>Azilal<\/strong>, <strong>Beni Mellal<\/strong> et <strong>Khouribga<\/strong>)<\/p>\n<ol>\n<li><strong>Mohammed CHAMI<\/strong><br \/>\nT\u00e9l : 00212(0) 523 43 54 44 \/ 43 58 88<br \/>\nFax : 00 212 (0) 523 43 52 22<br \/>\nAdresse : R\u00e9sidence les Palmiers \u2013 Bd My Abdellah<br \/>\nE-mail : <a href=\"mailto:corrispondente.c@gmail.com\">corrispondente.c@gmail.com<\/a><\/li>\n<\/ol>\n<p><strong>NADOR<\/strong><\/p>\n<ol>\n<li><strong>Tarik TANOUTI<\/strong><br \/>\nPortable : 00212 (0)662 170630<br \/>\nFax : 00212 (0)536 338417<br \/>\nE-mail : <a href=\"mailto:tanoutitarik@hotmail.com\">tanoutitarik@hotmail.com<\/a><\/li>\n<\/ol>\n<p><strong>TANGERI<\/strong><\/p>\n<ol>\n<li><strong>Gianfranco GINELLI<\/strong><br \/>\nAdresse : Palais des Institutions Italiennes (ancien Palais Moulay Hafid)<br \/>\nT\u00e9l : 00212(0)539933608 ou (0)661209047<br \/>\nE-mail : <a href=\"mailto:v.consolatotangeri@hotmail.it\">v.consolatotangeri@hotmail.it<\/a><\/li>\n<\/ol>\n<p>Remarque sur la num\u00e9rotation t\u00e9l\u00e9phonique<\/p>\n<p>Pour appeler depuis l\u2019Italie, composer :<\/p>\n<ol>\n<li>Pr\u00e9fixe international du Maroc : 00212<\/li>\n<li>Pr\u00e9fixe local SANS le z\u00e9ro : par exemple 522 pour Casablanca<\/li>\n<li>Num\u00e9ro de t\u00e9l\u00e9phone souhait\u00e9 : par exemple 43 70 70<\/li>\n<\/ol>\n<p>Exemple : 00212 522 43 70 70<\/p>\n<p>Pour appeler depuis le Maroc, composer :<\/p>\n<ol>\n<li>Pr\u00e9fixe local avec le z\u00e9ro : par exemple 0522 pour Casablanca<\/li>\n<li>Num\u00e9ro de t\u00e9l\u00e9phone souhait\u00e9 : par exemple 43 70 70<\/li>\n<\/ol>\n<p>Exemple : 0522 43 70 70<\/p>\n","protected":false},"excerpt":{"rendered":"CONSULATS HONORAIRES Vice-Consulat honoraire \u00e0 AGADIR Vice-Consul honoraire : Mme Antonella BERTONCELLO Adresse : Bureau n.20 \u2013 3\u00e8me \u00e9tage \u2013 immeuble OUMLIL Horaires d&rsquo;ouverture : du lundi au vendredi de 9h \u00e0 13h T\u00e9l : 00212 (0)528 847139 Portable : 00212 (0)670 636679 (actif de 9h \u00e0 12h et de 14h \u00e0 18h) Fax : [&hellip;]","protected":false},"author":1,"featured_media":0,"parent":145,"menu_order":12,"comment_status":"closed","ping_status":"closed","template":"","meta":{"footnotes":""},"class_list":["post-151","page","type-page","status-publish","hentry"],"_links":{"self":[{"href":"https:\/\/conscasablanca.esteri.it\/fr\/wp-json\/wp\/v2\/pages\/151","targetHints":{"allow":["GET"]}}],"collection":[{"href":"https:\/\/conscasablanca.esteri.it\/fr\/wp-json\/wp\/v2\/pages"}],"about":[{"href":"https:\/\/conscasablanca.esteri.it\/fr\/wp-json\/wp\/v2\/types\/page"}],"author":[{"embeddable":true,"href":"https:\/\/conscasablanca.esteri.it\/fr\/wp-json\/wp\/v2\/users\/1"}],"replies":[{"embeddable":true,"href":"https:\/\/conscasablanca.esteri.it\/fr\/wp-json\/wp\/v2\/comments?post=151"}],"version-history":[{"count":3,"href":"https:\/\/conscasablanca.esteri.it\/fr\/wp-json\/wp\/v2\/pages\/151\/revisions"}],"predecessor-version":[{"id":2075,"href":"https:\/\/conscasablanca.esteri.it\/fr\/wp-json\/wp\/v2\/pages\/151\/revisions\/2075"}],"up":[{"embeddable":true,"href":"https:\/\/conscasablanca.esteri.it\/fr\/wp-json\/wp\/v2\/pages\/145"}],"wp:attachment":[{"href":"https:\/\/conscasablanca.esteri.it\/fr\/wp-json\/wp\/v2\/media?parent=151"}],"curies":[{"name":"wp","href":"https:\/\/api.w.org\/{rel}","templated":true}]}}