{"id":150,"date":"2023-04-03T19:16:15","date_gmt":"2023-04-03T19:16:15","guid":{"rendered":"https:\/\/conscasablanca.esteri.it\/chi-siamo\/numeri-di-emergenza\/"},"modified":"2024-10-16T11:46:20","modified_gmt":"2024-10-16T10:46:20","slug":"numeri-di-emergenza","status":"publish","type":"page","link":"https:\/\/conscasablanca.esteri.it\/fr\/chi-siamo\/numeri-di-emergenza\/","title":{"rendered":"Num\u00e9ros d&rsquo;urgence"},"content":{"rendered":"<p>Nous rappelons qu&rsquo;en dehors des horaires d&rsquo;ouverture, le num\u00e9ro ci-dessous est toujours actif pour les compatriotes en \u00e9tat de grave difficult\u00e9 ou de danger :<\/p>\n<p>(depuis l&rsquo;\u00e9tranger) + 212 06 61 21 7332<br \/>\n(depuis le Maroc) 06 61 21 7332<\/p>\n<p>Ce num\u00e9ro est r\u00e9serv\u00e9 uniquement aux urgences <strong>des citoyens italiens<\/strong>.<br \/>\nIl s&rsquo;agit d&rsquo;un num\u00e9ro d&rsquo;urgence, et aucune information g\u00e9n\u00e9rale (disponible sur ce site web) ou sur les d\u00e9marches en cours ne sera fournie.<br \/>\n<strong>Aucune information concernant les visas ne sera donn\u00e9e.<\/strong><\/p>\n<p>Le vol ou la perte d&rsquo;un document de voyage (pour lesquels il est renvoy\u00e9 \u00e0 la section appropri\u00e9e de ce site web) ou les difficult\u00e9s \u00e0 prendre un rendez-vous ne constituent pas des situations de grave difficult\u00e9.<\/p>\n","protected":false},"excerpt":{"rendered":"Nous rappelons qu&rsquo;en dehors des horaires d&rsquo;ouverture, le num\u00e9ro ci-dessous est toujours actif pour les compatriotes en \u00e9tat de grave difficult\u00e9 ou de danger : (depuis l&rsquo;\u00e9tranger) + 212 06 61 21 7332 (depuis le Maroc) 06 61 21 7332 Ce num\u00e9ro est r\u00e9serv\u00e9 uniquement aux urgences des citoyens italiens. Il s&rsquo;agit d&rsquo;un num\u00e9ro d&rsquo;urgence, [&hellip;]","protected":false},"author":1,"featured_media":0,"parent":145,"menu_order":10,"comment_status":"closed","ping_status":"closed","template":"","meta":{"footnotes":""},"class_list":["post-150","page","type-page","status-publish","hentry"],"_links":{"self":[{"href":"https:\/\/conscasablanca.esteri.it\/fr\/wp-json\/wp\/v2\/pages\/150","targetHints":{"allow":["GET"]}}],"collection":[{"href":"https:\/\/conscasablanca.esteri.it\/fr\/wp-json\/wp\/v2\/pages"}],"about":[{"href":"https:\/\/conscasablanca.esteri.it\/fr\/wp-json\/wp\/v2\/types\/page"}],"author":[{"embeddable":true,"href":"https:\/\/conscasablanca.esteri.it\/fr\/wp-json\/wp\/v2\/users\/1"}],"replies":[{"embeddable":true,"href":"https:\/\/conscasablanca.esteri.it\/fr\/wp-json\/wp\/v2\/comments?post=150"}],"version-history":[{"count":3,"href":"https:\/\/conscasablanca.esteri.it\/fr\/wp-json\/wp\/v2\/pages\/150\/revisions"}],"predecessor-version":[{"id":2074,"href":"https:\/\/conscasablanca.esteri.it\/fr\/wp-json\/wp\/v2\/pages\/150\/revisions\/2074"}],"up":[{"embeddable":true,"href":"https:\/\/conscasablanca.esteri.it\/fr\/wp-json\/wp\/v2\/pages\/145"}],"wp:attachment":[{"href":"https:\/\/conscasablanca.esteri.it\/fr\/wp-json\/wp\/v2\/media?parent=150"}],"curies":[{"name":"wp","href":"https:\/\/api.w.org\/{rel}","templated":true}]}}