{"id":147,"date":"2023-04-03T19:15:30","date_gmt":"2023-04-03T19:15:30","guid":{"rendered":"https:\/\/conscasablanca.esteri.it\/chi-siamo\/la-sede\/"},"modified":"2024-10-16T11:36:22","modified_gmt":"2024-10-16T10:36:22","slug":"la-sede","status":"publish","type":"page","link":"https:\/\/conscasablanca.esteri.it\/fr\/chi-siamo\/la-sede\/","title":{"rendered":"Quartier g\u00e9n\u00e9ral"},"content":{"rendered":"<p>Consulat G\u00e9n\u00e9ral d&rsquo;Italie \u00e0 Casablanca<\/p>\n<p>21, Avenue Hassan Souktani<\/p>\n<p>20000 Casablanca<\/p>\n<p>MAROC<\/p>\n<p>Pour nous contacter : <a href=\"https:\/\/goo.gl\/maps\/hqmcjZxsiR5n4zso6\">cliquez ici<\/a><\/p>\n<p>&nbsp;<\/p>\n<p>La comp\u00e9tence du Consulat G\u00e9n\u00e9ral pour les services consulaires (y compris les visas) s&rsquo;\u00e9tend \u00e0 presque tout le Maroc, incluant les villes de Tanger, F\u00e8s, Marrakech, Agadir, Essaouira, Nador, etc.<\/p>\n<p>La comp\u00e9tence de l&rsquo;Ambassade d&rsquo;Italie se limite \u00e0 la r\u00e9gion de Rabat Sal\u00e9, avec les provinces voisines de Skhirat T\u00e9mara, Kh\u00e9misset, Tiflet et Rommani.<\/p>\n<p>&nbsp;<\/p>\n<p><strong>AVERTISSEMENT<\/strong><\/p>\n<p>Il est recommand\u00e9 de contacter le Consulat par e-mail de pr\u00e9f\u00e9rence. Pour des raisons de protection des donn\u00e9es personnelles, chaque communication par e-mail doit \u00eatre accompagn\u00e9e d&rsquo;une copie de votre document d&rsquo;identit\u00e9. Les utilisateurs sont invit\u00e9s \u00e0 v\u00e9rifier, avant d&rsquo;\u00e9crire, si les informations qu&rsquo;ils recherchent ne sont pas d\u00e9j\u00e0 publi\u00e9es dans la section correspondante de ce site.<\/p>\n<p>Merci de bien vouloir \u00e9crire <strong>uniquement<\/strong> au bureau comp\u00e9tent et de <strong>NE PAS<\/strong> envoyer la m\u00eame communication \u00e0 plusieurs bureaux.<\/p>\n<p>Il est pr\u00e9cis\u00e9 qu&rsquo;en ce qui concerne les communications t\u00e9l\u00e9phoniques, pour des raisons de protection des donn\u00e9es personnelles et en raison de l&rsquo;impossibilit\u00e9 d&rsquo;identifier l&rsquo;utilisateur, aucune information personnelle relative \u00e0 des dossiers en cours ne pourra \u00eatre divulgu\u00e9e.<\/p>\n<p>&nbsp;<\/p>\n<p><strong>\u2013 STANDARD<\/strong><\/p>\n<p>T\u00e9l. : 0522 43 70 70<\/p>\n<p><strong>Avertissement : pour obtenir des informations sur les visas ou les services consulaires, il est n\u00e9cessaire de contacter les num\u00e9ros directs de chaque service uniquement aux horaires indiqu\u00e9s ci-dessous.<\/strong><\/p>\n<p>&nbsp;<\/p>\n<p><strong>\u2013 BUREAU DES VISAS<\/strong><\/p>\n<p>T\u00e9l. : 0522 43 70 84 ; le num\u00e9ro est actif uniquement du lundi au jeudi de 13h00 \u00e0 15h00<\/p>\n<p>E-mail : <a href=\"mailto:visti.casablanca@esteri.it\">visti.casablanca@esteri.it<\/a><br \/>\nPEC : con.casablanca.visti@cert.esteri.it<\/p>\n<p>&nbsp;<\/p>\n<p><strong>\u2013 BUREAU CONSULAIRE<\/strong><\/p>\n<p>Tous les services sauf les visas : \u00c9tat civil des Italiens r\u00e9sidant \u00e0 l&rsquo;\u00e9tranger \u2013 AIRE \u2013 et \u00c9lections, \u00c9tat civil\/ Mariages, Nationalit\u00e9, Actes Notari\u00e9s et Navigation (Assistance juridique\/Notifications\/Procurations\/Questions relatives \u00e0 la navigation), Affaires sociales (D\u00e9tention\/Assistance sociale, sanitaire, pension, urgences consulaires, enfants enlev\u00e9s, d\u00e9marches automobiles), D\u00e9claration de valeur des dipl\u00f4mes, Passeports<\/p>\n<p>T\u00e9l. : 0522 43 70 87 ; le num\u00e9ro est actif uniquement du lundi au jeudi de 13h00 \u00e0 15h00<\/p>\n<p>E-mail : <a href=\"mailto:casablanca.consolare@esteri.it\">casablanca.consolare@esteri.it<\/a><br \/>\nPEC : <a href=\"mailto:con.casablanca.anagrafe@cert.esteri.it\">con.casablanca.anagrafe@cert.esteri.it<\/a><br \/>\nPEC : con.casablanca.pass@cert.esteri.it (uniquement pour les questions relatives aux titres de voyage)<\/p>\n<p>Uniquement pour le service de nationalit\u00e9 :<br \/>\nE-mail : casablanca.cittadinanza@esteri.it<\/p>\n<p>&nbsp;<\/p>\n<p><strong>\u2013 SECR\u00c9TARIAT DU CONSUL G\u00c9N\u00c9RAL<\/strong><\/p>\n<p>T\u00e9l. : 0522 43 70 70<br \/>\nE-mail : <a href=\"mailto:segreteria.casablanca@esteri.it\">segreteria.casablanca@esteri.it<\/a><\/p>\n","protected":false},"excerpt":{"rendered":"Consulat G\u00e9n\u00e9ral d&rsquo;Italie \u00e0 Casablanca 21, Avenue Hassan Souktani 20000 Casablanca MAROC Pour nous contacter : cliquez ici &nbsp; La comp\u00e9tence du Consulat G\u00e9n\u00e9ral pour les services consulaires (y compris les visas) s&rsquo;\u00e9tend \u00e0 presque tout le Maroc, incluant les villes de Tanger, F\u00e8s, Marrakech, Agadir, Essaouira, Nador, etc. La comp\u00e9tence de l&rsquo;Ambassade d&rsquo;Italie se [&hellip;]","protected":false},"author":1,"featured_media":0,"parent":145,"menu_order":2,"comment_status":"closed","ping_status":"closed","template":"","meta":{"footnotes":""},"class_list":["post-147","page","type-page","status-publish","hentry"],"_links":{"self":[{"href":"https:\/\/conscasablanca.esteri.it\/fr\/wp-json\/wp\/v2\/pages\/147","targetHints":{"allow":["GET"]}}],"collection":[{"href":"https:\/\/conscasablanca.esteri.it\/fr\/wp-json\/wp\/v2\/pages"}],"about":[{"href":"https:\/\/conscasablanca.esteri.it\/fr\/wp-json\/wp\/v2\/types\/page"}],"author":[{"embeddable":true,"href":"https:\/\/conscasablanca.esteri.it\/fr\/wp-json\/wp\/v2\/users\/1"}],"replies":[{"embeddable":true,"href":"https:\/\/conscasablanca.esteri.it\/fr\/wp-json\/wp\/v2\/comments?post=147"}],"version-history":[{"count":3,"href":"https:\/\/conscasablanca.esteri.it\/fr\/wp-json\/wp\/v2\/pages\/147\/revisions"}],"predecessor-version":[{"id":2067,"href":"https:\/\/conscasablanca.esteri.it\/fr\/wp-json\/wp\/v2\/pages\/147\/revisions\/2067"}],"up":[{"embeddable":true,"href":"https:\/\/conscasablanca.esteri.it\/fr\/wp-json\/wp\/v2\/pages\/145"}],"wp:attachment":[{"href":"https:\/\/conscasablanca.esteri.it\/fr\/wp-json\/wp\/v2\/media?parent=147"}],"curies":[{"name":"wp","href":"https:\/\/api.w.org\/{rel}","templated":true}]}}