{"id":145,"date":"2023-04-03T18:23:20","date_gmt":"2023-04-03T18:23:20","guid":{"rendered":"https:\/\/conscasablanca.esteri.it\/chi-siamo\/"},"modified":"2024-10-16T11:34:17","modified_gmt":"2024-10-16T10:34:17","slug":"chi-siamo","status":"publish","type":"page","link":"https:\/\/conscasablanca.esteri.it\/fr\/chi-siamo\/","title":{"rendered":"Qui nous sommes"},"content":{"rendered":"<p>Bienvenue sur le site du <strong>Consulat G\u00e9n\u00e9ral d&rsquo;Italie \u00e0 Casablanca.<\/strong><br \/>\nNous sommes une \u00e9quipe de 22 personnes au service d&rsquo;un large \u00e9ventail d&rsquo;utilisateurs italiens, italo-marocains ou citoyens du Royaume r\u00e9sidant sur presque tout le territoire marocain.<br \/>\nLe Consulat G\u00e9n\u00e9ral de Casablanca coordonne \u00e9galement le r\u00e9seau des consulats honoraires et des correspondants consulaires dans les villes d&rsquo;Agadir, F\u00e8s, Marrakech, Essaouira, Fquih Ben Salah, Tanger et Nador.<\/p>\n<p><strong>Horaires d&rsquo;accueil du public :<\/strong><br \/>\nDu lundi au jeudi de 9h00 \u00e0 13h00<br \/>\nVendredi : FERM\u00c9<br \/>\n<strong>ATTENTION :<\/strong> le Consulat G\u00e9n\u00e9ral re\u00e7oit EXCLUSIVEMENT sur rendez-vous : <a href=\"https:\/\/conscasablanca.esteri.it\/consolato_casablanca\/it\/il_consolato_generale\/gli_uffici\/prenotare-un-appuntamento.html\">cliquez ici<\/a> pour les d\u00e9tails sur la prise de rendez-vous, selon le service demand\u00e9.<\/p>\n<p><strong>JOURS F\u00c9RI\u00c9S ANN\u00c9E 2024<\/strong><br \/>\nConform\u00e9ment au calendrier \u00e9tabli par l&rsquo;Ambassade d&rsquo;Italie \u00e0 Rabat, au cours de l&rsquo;ann\u00e9e 2024, ce Consulat G\u00e9n\u00e9ral respectera les 11 jours f\u00e9ri\u00e9s suivants :<br \/>\nLundi 1er janvier &#8211; Jour de l&rsquo;An<br \/>\nLundi 1er avril &#8211; Lundi de P\u00e2ques<br \/>\nMercredi 10 avril &#8211; Aid el Fitr (F\u00eate mobile)<br \/>\nJeudi 25 avril &#8211; Anniversaire de la Lib\u00e9ration<br \/>\nMercredi 1er mai &#8211; F\u00eate du Travail<br \/>\nDimanche 2 juin &#8211; F\u00eate de la R\u00e9publique<br \/>\nDimanche 16 juin &#8211; Aid El Adha (F\u00eate mobile)<br \/>\nMardi 30 juillet &#8211; F\u00eate du Tr\u00f4ne<br \/>\nLundi 18 novembre &#8211; Anniversaire de l&rsquo;Ind\u00e9pendance du Maroc<br \/>\nMercredi 25 d\u00e9cembre &#8211; No\u00ebl<br \/>\nJeudi 26 d\u00e9cembre &#8211; Saint \u00c9tienne<br \/>\n<strong>ATTENTION :<\/strong> Comme indiqu\u00e9 ci-dessus, les jours f\u00e9ri\u00e9s observ\u00e9s par le Consulat G\u00e9n\u00e9ral ne co\u00efncident pas toujours avec ceux d&rsquo;Italie et\/ou du Maroc.<br \/>\nIl convient \u00e9galement de pr\u00e9ciser que la date exacte des f\u00eates musulmanes (Aid El Fitr et Aid El Adha), dont la c\u00e9l\u00e9bration est li\u00e9e \u00e0 l&rsquo;observation lunaire, sera indiqu\u00e9e seulement \u00e0 leur approche.<\/p>\n","protected":false},"excerpt":{"rendered":"Bienvenue sur le site du Consulat G\u00e9n\u00e9ral d&rsquo;Italie \u00e0 Casablanca. Nous sommes une \u00e9quipe de 22 personnes au service d&rsquo;un large \u00e9ventail d&rsquo;utilisateurs italiens, italo-marocains ou citoyens du Royaume r\u00e9sidant sur presque tout le territoire marocain. Le Consulat G\u00e9n\u00e9ral de Casablanca coordonne \u00e9galement le r\u00e9seau des consulats honoraires et des correspondants consulaires dans les villes [&hellip;]","protected":false},"author":1,"featured_media":0,"parent":0,"menu_order":2,"comment_status":"closed","ping_status":"closed","template":"","meta":{"footnotes":""},"class_list":["post-145","page","type-page","status-publish","hentry"],"_links":{"self":[{"href":"https:\/\/conscasablanca.esteri.it\/fr\/wp-json\/wp\/v2\/pages\/145","targetHints":{"allow":["GET"]}}],"collection":[{"href":"https:\/\/conscasablanca.esteri.it\/fr\/wp-json\/wp\/v2\/pages"}],"about":[{"href":"https:\/\/conscasablanca.esteri.it\/fr\/wp-json\/wp\/v2\/types\/page"}],"author":[{"embeddable":true,"href":"https:\/\/conscasablanca.esteri.it\/fr\/wp-json\/wp\/v2\/users\/1"}],"replies":[{"embeddable":true,"href":"https:\/\/conscasablanca.esteri.it\/fr\/wp-json\/wp\/v2\/comments?post=145"}],"version-history":[{"count":5,"href":"https:\/\/conscasablanca.esteri.it\/fr\/wp-json\/wp\/v2\/pages\/145\/revisions"}],"predecessor-version":[{"id":2064,"href":"https:\/\/conscasablanca.esteri.it\/fr\/wp-json\/wp\/v2\/pages\/145\/revisions\/2064"}],"wp:attachment":[{"href":"https:\/\/conscasablanca.esteri.it\/fr\/wp-json\/wp\/v2\/media?parent=145"}],"curies":[{"name":"wp","href":"https:\/\/api.w.org\/{rel}","templated":true}]}}